{"id":1828,"date":"2025-10-05T21:03:20","date_gmt":"2025-10-05T18:03:20","guid":{"rendered":"https:\/\/mtelturkey.com.tr\/?page_id=1828"},"modified":"2025-10-05T21:29:24","modified_gmt":"2025-10-05T18:29:24","slug":"move-biz","status":"publish","type":"page","link":"https:\/\/mtelturkey.com.tr\/bs\/move-biz\/","title":{"rendered":"MOVE BIZ"},"content":{"rendered":"\n<div class=\"wp-block-uagb-container uagb-block-2fdb5e1a alignfull uagb-is-root-container\"><div class=\"uagb-container-inner-blocks-wrap\">\n<div class=\"wp-block-columns is-layout-flex wp-container-core-columns-is-layout-28f84493 wp-block-columns-is-layout-flex\">\n<div class=\"wp-block-column is-layout-flow wp-block-column-is-layout-flow\" style=\"flex-basis:70%\">\n<figure class=\"wp-block-image size-full\"><img loading=\"lazy\" decoding=\"async\" width=\"932\" height=\"188\" src=\"https:\/\/mtelturkey.com.tr\/wp-content\/uploads\/2025\/10\/Move-biz.jpg\" alt=\"\" class=\"wp-image-1810\" srcset=\"https:\/\/mtelturkey.com.tr\/wp-content\/uploads\/2025\/10\/Move-biz.jpg 932w, https:\/\/mtelturkey.com.tr\/wp-content\/uploads\/2025\/10\/Move-biz-300x61.jpg 300w, https:\/\/mtelturkey.com.tr\/wp-content\/uploads\/2025\/10\/Move-biz-768x155.jpg 768w, https:\/\/mtelturkey.com.tr\/wp-content\/uploads\/2025\/10\/Move-biz-600x121.jpg 600w\" sizes=\"auto, (max-width: 932px) 100vw, 932px\" \/><\/figure>\n\n\n\n<p style=\"font-size:30px\"><strong>Napravite sopstvenu kombinaciju i prilagodite paket potrebama svog poslovanja.<\/strong><\/p>\n<\/div>\n\n\n\n<div class=\"wp-block-column is-layout-flow wp-block-column-is-layout-flow\" style=\"flex-basis:30%\">\n<figure class=\"wp-block-image size-full\"><img loading=\"lazy\" decoding=\"async\" width=\"1000\" height=\"1000\" src=\"https:\/\/mtelturkey.com.tr\/wp-content\/uploads\/2025\/10\/\u20ba199-sr.png\" alt=\"\" class=\"wp-image-1829\" srcset=\"https:\/\/mtelturkey.com.tr\/wp-content\/uploads\/2025\/10\/\u20ba199-sr.png 1000w, https:\/\/mtelturkey.com.tr\/wp-content\/uploads\/2025\/10\/\u20ba199-sr-300x300.png 300w, https:\/\/mtelturkey.com.tr\/wp-content\/uploads\/2025\/10\/\u20ba199-sr-150x150.png 150w, https:\/\/mtelturkey.com.tr\/wp-content\/uploads\/2025\/10\/\u20ba199-sr-768x768.png 768w, https:\/\/mtelturkey.com.tr\/wp-content\/uploads\/2025\/10\/\u20ba199-sr-600x600.png 600w, https:\/\/mtelturkey.com.tr\/wp-content\/uploads\/2025\/10\/\u20ba199-sr-100x100.png 100w\" sizes=\"auto, (max-width: 1000px) 100vw, 1000px\" \/><\/figure>\n<\/div>\n<\/div>\n<\/div><\/div>\n\n\n\n<div class=\"wp-block-uagb-container uagb-block-af299d52 alignfull uagb-is-root-container\"><div class=\"uagb-container-inner-blocks-wrap\">\n<div class=\"wp-block-columns is-layout-flex wp-container-core-columns-is-layout-28f84493 wp-block-columns-is-layout-flex\">\n<div class=\"wp-block-column is-layout-flow wp-block-column-is-layout-flow\">\n<p><strong>Vi\u0161e od 200 TV kanala<\/strong><br>U\u017eivajte u najpopularnijim doma\u0107im TV kanalima i otkrijte brojne sportske, de\u010dje, zabavne, informativne i druge specijalizovane kanale.<\/p>\n\n\n\n<p><strong>Vi\u0161e od 40 radio kanala<\/strong><br>Slu\u0161ajte najomiljenije doma\u0107e radio stanice i otkrijte brojne specijalizovane kanale iz oblasti muzike, vesti, sporta, kulture i zabave.<\/p>\n<\/div>\n\n\n\n<div class=\"wp-block-column is-layout-flow wp-block-column-is-layout-flow\">\n<p><strong>Ne propustite najpopularnije serije<\/strong><br>Budite u toku sa najboljim akcionim, dramskim i komedijskim serijama iz Ex-Yu regiona po odli\u010dnim cenama.<\/p>\n\n\n\n<p><strong>Vrhunski kvalitet<\/strong><br>HD kvalitet zvuka i slike pru\u017ea nezaboravno TV iskustvo za celu porodicu.<\/p>\n<\/div>\n<\/div>\n<\/div><\/div>\n\n\n\n<div class=\"wp-block-uagb-container uagb-block-96ba21b7 alignfull uagb-is-root-container\"><div class=\"uagb-container-inner-blocks-wrap\">\n<div class=\"wp-block-uagb-container uagb-block-18fa0068\">\n<p class=\"has-text-align-center has-ast-global-color-4-color has-text-color has-link-color has-x-large-font-size wp-elements-2a997e0507df5386ba4b9fec9cd64c15\"><strong>Kontaktirajte nas<br>0850 205 3434<\/strong><\/p>\n<\/div>\n<\/div><\/div>\n\n\n\n<p><\/p>\n","protected":false},"excerpt":{"rendered":"<p>Napravite sopstvenu kombinaciju i prilagodite paket potrebama svog poslovanja. Vi\u0161e od 200 TV kanalaU\u017eivajte u najpopularnijim doma\u0107im TV kanalima i [&hellip;]<\/p>\n","protected":false},"author":1,"featured_media":0,"parent":0,"menu_order":0,"comment_status":"closed","ping_status":"closed","template":"","meta":{"_uag_custom_page_level_css":"","site-sidebar-layout":"default","site-content-layout":"","ast-site-content-layout":"default","site-content-style":"default","site-sidebar-style":"default","ast-global-header-display":"","ast-banner-title-visibility":"","ast-main-header-display":"","ast-hfb-above-header-display":"","ast-hfb-below-header-display":"","ast-hfb-mobile-header-display":"","site-post-title":"disabled","ast-breadcrumbs-content":"","ast-featured-img":"","footer-sml-layout":"","theme-transparent-header-meta":"","adv-header-id-meta":"","stick-header-meta":"","header-above-stick-meta":"","header-main-stick-meta":"","header-below-stick-meta":"","astra-migrate-meta-layouts":"default","ast-page-background-enabled":"default","ast-page-background-meta":{"desktop":{"background-color":"var(--ast-global-color-5)","background-image":"","background-repeat":"repeat","background-position":"center center","background-size":"auto","background-attachment":"scroll","background-type":"","background-media":"","overlay-type":"","overlay-color":"","overlay-opacity":"","overlay-gradient":""},"tablet":{"background-color":"","background-image":"","background-repeat":"repeat","background-position":"center center","background-size":"auto","background-attachment":"scroll","background-type":"","background-media":"","overlay-type":"","overlay-color":"","overlay-opacity":"","overlay-gradient":""},"mobile":{"background-color":"","background-image":"","background-repeat":"repeat","background-position":"center center","background-size":"auto","background-attachment":"scroll","background-type":"","background-media":"","overlay-type":"","overlay-color":"","overlay-opacity":"","overlay-gradient":""}},"ast-content-background-meta":{"desktop":{"background-color":"var(--ast-global-color-4)","background-image":"","background-repeat":"repeat","background-position":"center center","background-size":"auto","background-attachment":"scroll","background-type":"","background-media":"","overlay-type":"","overlay-color":"","overlay-opacity":"","overlay-gradient":""},"tablet":{"background-color":"var(--ast-global-color-4)","background-image":"","background-repeat":"repeat","background-position":"center center","background-size":"auto","background-attachment":"scroll","background-type":"","background-media":"","overlay-type":"","overlay-color":"","overlay-opacity":"","overlay-gradient":""},"mobile":{"background-color":"var(--ast-global-color-4)","background-image":"","background-repeat":"repeat","background-position":"center center","background-size":"auto","background-attachment":"scroll","background-type":"","background-media":"","overlay-type":"","overlay-color":"","overlay-opacity":"","overlay-gradient":""}},"footnotes":""},"class_list":["post-1828","page","type-page","status-publish","hentry"],"uagb_featured_image_src":{"full":false,"thumbnail":false,"medium":false,"medium_large":false,"large":false,"1536x1536":false,"2048x2048":false,"woocommerce_thumbnail":false,"woocommerce_single":false,"woocommerce_gallery_thumbnail":false},"uagb_author_info":{"display_name":"Absolutewd","author_link":"https:\/\/mtelturkey.com.tr\/bs\/author\/absolutewd\/"},"uagb_comment_info":0,"uagb_excerpt":"Napravite sopstvenu kombinaciju i prilagodite paket potrebama svog poslovanja. Vi\u0161e od 200 TV kanalaU\u017eivajte u najpopularnijim doma\u0107im TV kanalima i [&hellip;]","_links":{"self":[{"href":"https:\/\/mtelturkey.com.tr\/bs\/wp-json\/wp\/v2\/pages\/1828","targetHints":{"allow":["GET"]}}],"collection":[{"href":"https:\/\/mtelturkey.com.tr\/bs\/wp-json\/wp\/v2\/pages"}],"about":[{"href":"https:\/\/mtelturkey.com.tr\/bs\/wp-json\/wp\/v2\/types\/page"}],"author":[{"embeddable":true,"href":"https:\/\/mtelturkey.com.tr\/bs\/wp-json\/wp\/v2\/users\/1"}],"replies":[{"embeddable":true,"href":"https:\/\/mtelturkey.com.tr\/bs\/wp-json\/wp\/v2\/comments?post=1828"}],"version-history":[{"count":2,"href":"https:\/\/mtelturkey.com.tr\/bs\/wp-json\/wp\/v2\/pages\/1828\/revisions"}],"predecessor-version":[{"id":1833,"href":"https:\/\/mtelturkey.com.tr\/bs\/wp-json\/wp\/v2\/pages\/1828\/revisions\/1833"}],"wp:attachment":[{"href":"https:\/\/mtelturkey.com.tr\/bs\/wp-json\/wp\/v2\/media?parent=1828"}],"curies":[{"name":"wp","href":"https:\/\/api.w.org\/{rel}","templated":true}]}}