{"id":1271,"date":"2025-07-31T13:34:35","date_gmt":"2025-07-31T10:34:35","guid":{"rendered":"https:\/\/mtelturkey.com.tr\/?post_type=product&#038;p=1271"},"modified":"2025-07-31T13:54:06","modified_gmt":"2025-07-31T10:54:06","slug":"xo-pr264-magnetic-wireless-10-000mah-power-bank-siyah","status":"publish","type":"product","link":"https:\/\/mtelturkey.com.tr\/bs\/product\/xo-pr264-magnetic-wireless-10-000mah-power-bank-siyah\/","title":{"rendered":"XO-PR264 Magnetic Wireless 10.000mAh Power Bank"},"content":{"rendered":"<table>\n<thead>\n<tr>\n<th>\u00d6zellik<\/th>\n<th>Detaylar<\/th>\n<\/tr>\n<\/thead>\n<tbody>\n<tr>\n<td>Kapasite<\/td>\n<td>10\u202f000\u202fmAh nominal (~5\u202f500\u202fmAh etkin)<\/td>\n<\/tr>\n<tr>\n<td>G\u00fc\u00e7 kapasitesi<\/td>\n<td>Yakla\u015f\u0131k 20\u202fWh<\/td>\n<\/tr>\n<tr>\n<td>Kablosuz \u015farj<\/td>\n<td>Maks. 15\u202fW<\/td>\n<\/tr>\n<tr>\n<td>USB\u2011C \u00e7\u0131k\u0131\u015f<\/td>\n<td>Maks. 20\u202fW<\/td>\n<\/tr>\n<tr>\n<td>USB\u2011C giri\u015f<\/td>\n<td>Maks. 18\u202fW<\/td>\n<\/tr>\n<tr>\n<td>H\u0131zl\u0131 \u015farj protokolleri<\/td>\n<td>QC 2.0 \/ QC 3.0, FCP, AFC, PD 2.0 \/ PD 3.0<\/td>\n<\/tr>\n<tr>\n<td>G\u00f6sterge<\/td>\n<td>LED batarya seviyesi g\u00f6stergesi<\/td>\n<\/tr>\n<tr>\n<td>Malzeme<\/td>\n<td>ABS + PC<\/td>\n<\/tr>\n<tr>\n<td>A\u011f\u0131rl\u0131k<\/td>\n<td>Yakla\u015f\u0131k 183\u202f\u2011\u202f186\u202fg<\/td>\n<\/tr>\n<tr>\n<td>Boyutlar<\/td>\n<td>Yakla\u015f\u0131k 96\u202f\u00d7\u202f66\u202f\u00d7\u202f19\u202fmm<\/td>\n<\/tr>\n<tr>\n<td>Renkler<\/td>\n<td>Siyah (Black), Beyaz (White)<\/td>\n<\/tr>\n<\/tbody>\n<\/table>\n","protected":false},"excerpt":{"rendered":"<p>Manyetik (MagSafe uyumlu) kablosuz \u015farj, 20W h\u0131zl\u0131 USB-C \u00e7\u0131k\u0131\u015f, 10.000\u202fmAh kapasite. Kompakt, hafif ve ta\u015f\u0131nabilir tasar\u0131m. LED batarya g\u00f6stergesi ile uyumlu bir\u00e7ok cihazla \u00e7al\u0131\u015f\u0131r.<\/p>\n","protected":false},"featured_media":1280,"template":"","meta":{"_uag_custom_page_level_css":"","site-sidebar-layout":"default","site-content-layout":"","ast-site-content-layout":"default","site-content-style":"default","site-sidebar-style":"default","ast-global-header-display":"","ast-banner-title-visibility":"","ast-main-header-display":"","ast-hfb-above-header-display":"","ast-hfb-below-header-display":"","ast-hfb-mobile-header-display":"","site-post-title":"","ast-breadcrumbs-content":"","ast-featured-img":"","footer-sml-layout":"","theme-transparent-header-meta":"default","adv-header-id-meta":"","stick-header-meta":"","header-above-stick-meta":"","header-main-stick-meta":"","header-below-stick-meta":"","astra-migrate-meta-layouts":"set","ast-page-background-enabled":"default","ast-page-background-meta":{"desktop":{"background-color":"var(--ast-global-color-5)","background-image":"","background-repeat":"repeat","background-position":"center center","background-size":"auto","background-attachment":"scroll","background-type":"","background-media":"","overlay-type":"","overlay-color":"","overlay-opacity":"","overlay-gradient":""},"tablet":{"background-color":"","background-image":"","background-repeat":"repeat","background-position":"center center","background-size":"auto","background-attachment":"scroll","background-type":"","background-media":"","overlay-type":"","overlay-color":"","overlay-opacity":"","overlay-gradient":""},"mobile":{"background-color":"","background-image":"","background-repeat":"repeat","background-position":"center center","background-size":"auto","background-attachment":"scroll","background-type":"","background-media":"","overlay-type":"","overlay-color":"","overlay-opacity":"","overlay-gradient":""}},"ast-content-background-meta":{"desktop":{"background-color":"var(--ast-global-color-4)","background-image":"","background-repeat":"repeat","background-position":"center center","background-size":"auto","background-attachment":"scroll","background-type":"","background-media":"","overlay-type":"","overlay-color":"","overlay-opacity":"","overlay-gradient":""},"tablet":{"background-color":"var(--ast-global-color-4)","background-image":"","background-repeat":"repeat","background-position":"center center","background-size":"auto","background-attachment":"scroll","background-type":"","background-media":"","overlay-type":"","overlay-color":"","overlay-opacity":"","overlay-gradient":""},"mobile":{"background-color":"var(--ast-global-color-4)","background-image":"","background-repeat":"repeat","background-position":"center center","background-size":"auto","background-attachment":"scroll","background-type":"","background-media":"","overlay-type":"","overlay-color":"","overlay-opacity":"","overlay-gradient":""}}},"product_brand":[],"product_cat":[46],"product_tag":[],"class_list":{"0":"post-1271","1":"product","2":"type-product","3":"status-publish","4":"has-post-thumbnail","6":"product_cat-aksesuarlar","7":"desktop-align-left","8":"tablet-align-left","9":"mobile-align-left","11":"first","12":"instock","13":"taxable","14":"shipping-taxable","15":"purchasable","16":"product-type-variable"},"uagb_featured_image_src":{"full":["https:\/\/mtelturkey.com.tr\/wp-content\/uploads\/2025\/07\/XO-PR264-Magnetic-Wireless.jpg",500,500,false],"thumbnail":["https:\/\/mtelturkey.com.tr\/wp-content\/uploads\/2025\/07\/XO-PR264-Magnetic-Wireless-150x150.jpg",150,150,true],"medium":["https:\/\/mtelturkey.com.tr\/wp-content\/uploads\/2025\/07\/XO-PR264-Magnetic-Wireless-300x300.jpg",300,300,true],"medium_large":["https:\/\/mtelturkey.com.tr\/wp-content\/uploads\/2025\/07\/XO-PR264-Magnetic-Wireless.jpg",500,500,false],"large":["https:\/\/mtelturkey.com.tr\/wp-content\/uploads\/2025\/07\/XO-PR264-Magnetic-Wireless.jpg",500,500,false],"1536x1536":["https:\/\/mtelturkey.com.tr\/wp-content\/uploads\/2025\/07\/XO-PR264-Magnetic-Wireless.jpg",500,500,false],"2048x2048":["https:\/\/mtelturkey.com.tr\/wp-content\/uploads\/2025\/07\/XO-PR264-Magnetic-Wireless.jpg",500,500,false],"woocommerce_thumbnail":["https:\/\/mtelturkey.com.tr\/wp-content\/uploads\/2025\/07\/XO-PR264-Magnetic-Wireless-300x300.jpg",300,300,true],"woocommerce_single":["https:\/\/mtelturkey.com.tr\/wp-content\/uploads\/2025\/07\/XO-PR264-Magnetic-Wireless.jpg",500,500,false],"woocommerce_gallery_thumbnail":["https:\/\/mtelturkey.com.tr\/wp-content\/uploads\/2025\/07\/XO-PR264-Magnetic-Wireless-100x100.jpg",100,100,true]},"uagb_author_info":{"display_name":"Absolutewd","author_link":"https:\/\/mtelturkey.com.tr\/bs\/author\/"},"uagb_comment_info":0,"uagb_excerpt":"Manyetik (MagSafe uyumlu) kablosuz \u015farj, 20W h\u0131zl\u0131 USB-C \u00e7\u0131k\u0131\u015f, 10.000\u202fmAh kapasite. Kompakt, hafif ve ta\u015f\u0131nabilir tasar\u0131m. LED batarya g\u00f6stergesi ile uyumlu bir\u00e7ok cihazla \u00e7al\u0131\u015f\u0131r.","_links":{"self":[{"href":"https:\/\/mtelturkey.com.tr\/bs\/wp-json\/wp\/v2\/product\/1271","targetHints":{"allow":["GET"]}}],"collection":[{"href":"https:\/\/mtelturkey.com.tr\/bs\/wp-json\/wp\/v2\/product"}],"about":[{"href":"https:\/\/mtelturkey.com.tr\/bs\/wp-json\/wp\/v2\/types\/product"}],"wp:featuredmedia":[{"embeddable":true,"href":"https:\/\/mtelturkey.com.tr\/bs\/wp-json\/wp\/v2\/media\/1280"}],"wp:attachment":[{"href":"https:\/\/mtelturkey.com.tr\/bs\/wp-json\/wp\/v2\/media?parent=1271"}],"wp:term":[{"taxonomy":"product_brand","embeddable":true,"href":"https:\/\/mtelturkey.com.tr\/bs\/wp-json\/wp\/v2\/product_brand?post=1271"},{"taxonomy":"product_cat","embeddable":true,"href":"https:\/\/mtelturkey.com.tr\/bs\/wp-json\/wp\/v2\/product_cat?post=1271"},{"taxonomy":"product_tag","embeddable":true,"href":"https:\/\/mtelturkey.com.tr\/bs\/wp-json\/wp\/v2\/product_tag?post=1271"}],"curies":[{"name":"wp","href":"https:\/\/api.w.org\/{rel}","templated":true}]}}