{"id":1285,"date":"2025-07-31T13:53:32","date_gmt":"2025-07-31T10:53:32","guid":{"rendered":"https:\/\/mtelturkey.com.tr\/?post_type=product&#038;p=1285"},"modified":"2025-07-31T14:48:11","modified_gmt":"2025-07-31T11:48:11","slug":"xo-pr264-magnetic-wireless-10-000mah-power-bank-copy","status":"publish","type":"product","link":"https:\/\/mtelturkey.com.tr\/bs\/product\/xo-pr264-magnetic-wireless-10-000mah-power-bank-copy\/","title":{"rendered":"XO-PR274 Built-In 3 Cable 10.000 mAh Power Bank"},"content":{"rendered":"<table>\n<thead>\n<tr>\n<th>\u00d6zellik<\/th>\n<th>Detaylar<\/th>\n<\/tr>\n<\/thead>\n<tbody>\n<tr>\n<td><strong>Kapasite<\/strong><\/td>\n<td>10.000\u202fmAh nominal (yakla\u015f\u0131k 5.500\u202fmAh verimli kapasite)<\/td>\n<\/tr>\n<tr>\n<td><strong>Giri\u015f (Input)<\/strong><\/td>\n<td>USB-C: 5V\/3A, 9V\/2A (maks. 18W)<\/td>\n<\/tr>\n<tr>\n<td><strong>USB-A \u00c7\u0131k\u0131\u015f\u0131<\/strong><\/td>\n<td>5V\/3A (maks. 15W)<\/td>\n<\/tr>\n<tr>\n<td><strong>USB-C \u00c7\u0131k\u0131\u015f\u0131<\/strong><\/td>\n<td>5V\/3A, 9V\/2.22A, 12V\/1.67A (maks. 20W)<\/td>\n<\/tr>\n<tr>\n<td><strong>Type-C Kablosu \u00c7\u0131k\u0131\u015f\u0131<\/strong><\/td>\n<td>5V\/3A, 9V\/2A, 10V\/2.25A, 12V\/1.5A (maks. 22.5W)<\/td>\n<\/tr>\n<tr>\n<td><strong>Lightning Kablosu \u00c7\u0131k\u0131\u015f\u0131<\/strong><\/td>\n<td>5V\/2.4A (maks. 12W)<\/td>\n<\/tr>\n<tr>\n<td><strong>Toplam \u00c7\u0131k\u0131\u015f G\u00fcc\u00fc<\/strong><\/td>\n<td>5V\/3A (maks. 15W)<\/td>\n<\/tr>\n<tr>\n<td><strong>Dijital Ekran<\/strong><\/td>\n<td>Kalan batarya y\u00fczdesini g\u00f6sterir<\/td>\n<\/tr>\n<tr>\n<td><strong>Malzeme<\/strong><\/td>\n<td>ABS + PC<\/td>\n<\/tr>\n<tr>\n<td><strong>Boyutlar<\/strong><\/td>\n<td>152.29 x 67.6 x 18.84 mm<\/td>\n<\/tr>\n<tr>\n<td><strong>A\u011f\u0131rl\u0131k<\/strong><\/td>\n<td>246 g<\/td>\n<\/tr>\n<tr>\n<td><strong>Manyetik \u015earj Deste\u011fi<\/strong><\/td>\n<td>iPhone 12 ve sonras\u0131 modellerle uyumlu (MagSafe)<\/td>\n<\/tr>\n<tr>\n<td><strong>H\u0131zl\u0131 \u015earj Protokolleri<\/strong><\/td>\n<td>QC2.0\/QC3.0, AFC, FCP, PD2.0\/PD3.0, VOOC<\/td>\n<\/tr>\n<tr>\n<td><strong>Renk Se\u00e7enekleri<\/strong><\/td>\n<td>Siyah (Black), Beyaz (White)<\/td>\n<\/tr>\n<\/tbody>\n<\/table>\n","protected":false},"excerpt":{"rendered":"<p><strong data-start=\"262\" data-end=\"274\">XO PR274<\/strong>, 10.000\u202fmAh kapasiteye sahip, kompakt ve \u015f\u0131k tasar\u0131ml\u0131 bir power bank'tir. <span class=\"relative -mx-px my-[-0.2rem] rounded px-px py-[0.2rem] transition-colors duration-100 ease-in-out\">USB-C ve USB-A portlar\u0131 \u00fczerinden h\u0131zl\u0131 \u015farj imkan\u0131 sunar ve entegre Lightning kablosu ile Apple cihazlar\u0131n\u0131z\u0131 do\u011frudan \u015farj edebilirsiniz.<\/span> <span class=\"relative -mx-px my-[-0.2rem] rounded px-px py-[0.2rem] transition-colors duration-100 ease-in-out\">Dijital ekran\u0131 sayesinde kalan batarya y\u00fczdesini anl\u0131k olarak g\u00f6r\u00fcnt\u00fcleyebilirsiniz.<\/span> <span class=\"relative -mx-px my-[-0.2rem] rounded px-px py-[0.2rem] transition-colors duration-100 ease-in-out\">Ayr\u0131ca, manyetik yap\u0131s\u0131 sayesinde iPhone 12 ve sonras\u0131ndaki modellerle uyumlu kablosuz \u015farj deste\u011fi sunar.<\/span><\/p>\n","protected":false},"featured_media":1292,"template":"","meta":{"_uag_custom_page_level_css":"","site-sidebar-layout":"default","site-content-layout":"","ast-site-content-layout":"default","site-content-style":"default","site-sidebar-style":"default","ast-global-header-display":"","ast-banner-title-visibility":"","ast-main-header-display":"","ast-hfb-above-header-display":"","ast-hfb-below-header-display":"","ast-hfb-mobile-header-display":"","site-post-title":"","ast-breadcrumbs-content":"","ast-featured-img":"","footer-sml-layout":"","theme-transparent-header-meta":"default","adv-header-id-meta":"","stick-header-meta":"","header-above-stick-meta":"","header-main-stick-meta":"","header-below-stick-meta":"","astra-migrate-meta-layouts":"set","ast-page-background-enabled":"default","ast-page-background-meta":{"desktop":{"background-color":"var(--ast-global-color-5)","background-image":"","background-repeat":"repeat","background-position":"center center","background-size":"auto","background-attachment":"scroll","background-type":"","background-media":"","overlay-type":"","overlay-color":"","overlay-opacity":"","overlay-gradient":""},"tablet":{"background-color":"","background-image":"","background-repeat":"repeat","background-position":"center center","background-size":"auto","background-attachment":"scroll","background-type":"","background-media":"","overlay-type":"","overlay-color":"","overlay-opacity":"","overlay-gradient":""},"mobile":{"background-color":"","background-image":"","background-repeat":"repeat","background-position":"center center","background-size":"auto","background-attachment":"scroll","background-type":"","background-media":"","overlay-type":"","overlay-color":"","overlay-opacity":"","overlay-gradient":""}},"ast-content-background-meta":{"desktop":{"background-color":"var(--ast-global-color-4)","background-image":"","background-repeat":"repeat","background-position":"center center","background-size":"auto","background-attachment":"scroll","background-type":"","background-media":"","overlay-type":"","overlay-color":"","overlay-opacity":"","overlay-gradient":""},"tablet":{"background-color":"var(--ast-global-color-4)","background-image":"","background-repeat":"repeat","background-position":"center center","background-size":"auto","background-attachment":"scroll","background-type":"","background-media":"","overlay-type":"","overlay-color":"","overlay-opacity":"","overlay-gradient":""},"mobile":{"background-color":"var(--ast-global-color-4)","background-image":"","background-repeat":"repeat","background-position":"center center","background-size":"auto","background-attachment":"scroll","background-type":"","background-media":"","overlay-type":"","overlay-color":"","overlay-opacity":"","overlay-gradient":""}}},"product_brand":[],"product_cat":[46],"product_tag":[],"class_list":{"0":"post-1285","1":"product","2":"type-product","3":"status-publish","4":"has-post-thumbnail","6":"product_cat-aksesuarlar","7":"desktop-align-left","8":"tablet-align-left","9":"mobile-align-left","11":"first","12":"instock","13":"taxable","14":"shipping-taxable","15":"purchasable","16":"product-type-simple"},"uagb_featured_image_src":{"full":["https:\/\/mtelturkey.com.tr\/wp-content\/uploads\/2025\/07\/XO-PR274-275-Built-In-3-Cable-4.jpg",500,500,false],"thumbnail":["https:\/\/mtelturkey.com.tr\/wp-content\/uploads\/2025\/07\/XO-PR274-275-Built-In-3-Cable-4-150x150.jpg",150,150,true],"medium":["https:\/\/mtelturkey.com.tr\/wp-content\/uploads\/2025\/07\/XO-PR274-275-Built-In-3-Cable-4-300x300.jpg",300,300,true],"medium_large":["https:\/\/mtelturkey.com.tr\/wp-content\/uploads\/2025\/07\/XO-PR274-275-Built-In-3-Cable-4.jpg",500,500,false],"large":["https:\/\/mtelturkey.com.tr\/wp-content\/uploads\/2025\/07\/XO-PR274-275-Built-In-3-Cable-4.jpg",500,500,false],"1536x1536":["https:\/\/mtelturkey.com.tr\/wp-content\/uploads\/2025\/07\/XO-PR274-275-Built-In-3-Cable-4.jpg",500,500,false],"2048x2048":["https:\/\/mtelturkey.com.tr\/wp-content\/uploads\/2025\/07\/XO-PR274-275-Built-In-3-Cable-4.jpg",500,500,false],"woocommerce_thumbnail":["https:\/\/mtelturkey.com.tr\/wp-content\/uploads\/2025\/07\/XO-PR274-275-Built-In-3-Cable-4-300x300.jpg",300,300,true],"woocommerce_single":["https:\/\/mtelturkey.com.tr\/wp-content\/uploads\/2025\/07\/XO-PR274-275-Built-In-3-Cable-4.jpg",500,500,false],"woocommerce_gallery_thumbnail":["https:\/\/mtelturkey.com.tr\/wp-content\/uploads\/2025\/07\/XO-PR274-275-Built-In-3-Cable-4-100x100.jpg",100,100,true]},"uagb_author_info":{"display_name":"Absolutewd","author_link":"https:\/\/mtelturkey.com.tr\/bs\/author\/"},"uagb_comment_info":0,"uagb_excerpt":"XO PR274, 10.000\u202fmAh kapasiteye sahip, kompakt ve \u015f\u0131k tasar\u0131ml\u0131 bir power bank'tir. USB-C ve USB-A portlar\u0131 \u00fczerinden h\u0131zl\u0131 \u015farj imkan\u0131 sunar ve entegre Lightning kablosu ile Apple cihazlar\u0131n\u0131z\u0131 do\u011frudan \u015farj edebilirsiniz. Dijital ekran\u0131 sayesinde kalan batarya y\u00fczdesini anl\u0131k olarak g\u00f6r\u00fcnt\u00fcleyebilirsiniz. Ayr\u0131ca, manyetik yap\u0131s\u0131 sayesinde iPhone 12 ve sonras\u0131ndaki modellerle uyumlu kablosuz \u015farj deste\u011fi sunar.","_links":{"self":[{"href":"https:\/\/mtelturkey.com.tr\/bs\/wp-json\/wp\/v2\/product\/1285","targetHints":{"allow":["GET"]}}],"collection":[{"href":"https:\/\/mtelturkey.com.tr\/bs\/wp-json\/wp\/v2\/product"}],"about":[{"href":"https:\/\/mtelturkey.com.tr\/bs\/wp-json\/wp\/v2\/types\/product"}],"wp:featuredmedia":[{"embeddable":true,"href":"https:\/\/mtelturkey.com.tr\/bs\/wp-json\/wp\/v2\/media\/1292"}],"wp:attachment":[{"href":"https:\/\/mtelturkey.com.tr\/bs\/wp-json\/wp\/v2\/media?parent=1285"}],"wp:term":[{"taxonomy":"product_brand","embeddable":true,"href":"https:\/\/mtelturkey.com.tr\/bs\/wp-json\/wp\/v2\/product_brand?post=1285"},{"taxonomy":"product_cat","embeddable":true,"href":"https:\/\/mtelturkey.com.tr\/bs\/wp-json\/wp\/v2\/product_cat?post=1285"},{"taxonomy":"product_tag","embeddable":true,"href":"https:\/\/mtelturkey.com.tr\/bs\/wp-json\/wp\/v2\/product_tag?post=1285"}],"curies":[{"name":"wp","href":"https:\/\/api.w.org\/{rel}","templated":true}]}}