{"id":1309,"date":"2025-07-31T14:59:35","date_gmt":"2025-07-31T11:59:35","guid":{"rendered":"https:\/\/mtelturkey.com.tr\/?post_type=product&#038;p=1309"},"modified":"2025-07-31T15:04:36","modified_gmt":"2025-07-31T12:04:36","slug":"xo-c15eu-20w-quick-charger","status":"publish","type":"product","link":"https:\/\/mtelturkey.com.tr\/bs\/product\/xo-c15eu-20w-quick-charger\/","title":{"rendered":"XO-C15(EU) 20W Quick Charger"},"content":{"rendered":"<table>\n<thead>\n<tr>\n<th>\u00d6zellik<\/th>\n<th>Detaylar<\/th>\n<\/tr>\n<\/thead>\n<tbody>\n<tr>\n<td><strong>Model<\/strong><\/td>\n<td>XO CE15 (EU)<\/td>\n<\/tr>\n<tr>\n<td><strong>Giri\u015f Voltaj\u0131<\/strong><\/td>\n<td>AC 100\u2013240\u202fV, 50\u201360\u202fHz<\/td>\n<\/tr>\n<tr>\n<td><strong>Toplam \u00c7\u0131k\u0131\u015f G\u00fcc\u00fc<\/strong><\/td>\n<td>20\u202fW PD<\/td>\n<\/tr>\n<tr>\n<td><strong>USB\u2011C \u00c7\u0131k\u0131\u015f<\/strong><\/td>\n<td>5\u202fV\u202f\/\u202f3.0\u202fA (15\u202fW)9\u202fV\u202f\/\u202f2.22\u202fA (20\u202fW)12\u202fV\u202f\/\u202f1.67\u202fA (20\u202fW maksimum)<\/td>\n<\/tr>\n<tr>\n<td><strong>Protokoller<\/strong><\/td>\n<td>PD 2.0, PD 3.0, QC 2.0\u20134.0, AFC, FCP, PPS (<a title=\"XO CE15 (EU) PD20W USB-C fast charging charger (Materials are ...\" href=\"https:\/\/bestbuy.md\/bcatalog\/xo-ce15-eu-pd20w-usb-c-fast-charging-charger-materials-are-ce-certified\/?utm_source=chatgpt.com\">bestbuy.md<\/a>, <a title=\"CE15 (UK) PD20W USB-C fast charging charger| White - Digi4u\" href=\"https:\/\/www.digi4u.co.uk\/xo-charger-ce15-uk-pd20w-usb-c-fast-charging-charger-white?utm_source=chatgpt.com\">digi4u.co.uk<\/a>)<\/td>\n<\/tr>\n<tr>\n<td><strong>Koruma Devreleri<\/strong><\/td>\n<td>A\u015f\u0131r\u0131 ak\u0131m, a\u015f\u0131r\u0131 voltaj, k\u0131sa devre (<a title=\"XO CE15 (EU) PD20W USB-C fast charging charger (Materials are ...\" href=\"https:\/\/bestbuy.md\/bcatalog\/xo-ce15-eu-pd20w-usb-c-fast-charging-charger-materials-are-ce-certified\/?utm_source=chatgpt.com\">bestbuy.md<\/a>)<\/td>\n<\/tr>\n<tr>\n<td><strong>Malzeme ve Sertifika<\/strong><\/td>\n<td>PC malzeme, yang\u0131na dayan\u0131kl\u0131 V0 s\u0131n\u0131f\u0131; CE sertifikal\u0131 (<a title=\"XO CE15 (EU) PD20W USB-C fast charging charger (Materials are ...\" href=\"https:\/\/bestbuy.md\/bcatalog\/xo-ce15-eu-pd20w-usb-c-fast-charging-charger-materials-are-ce-certified\/?utm_source=chatgpt.com\">bestbuy.md<\/a>)<\/td>\n<\/tr>\n<tr>\n<td><strong>A\u011f\u0131rl\u0131k<\/strong><\/td>\n<td>Yakla\u015f\u0131k 49\u202fg (<a title=\"XO CE15 (EU) PD20W USB-C fast charging charger (Materials are ...\" href=\"https:\/\/bestbuy.md\/bcatalog\/xo-ce15-eu-pd20w-usb-c-fast-charging-charger-materials-are-ce-certified\/?utm_source=chatgpt.com\">bestbuy.md<\/a>)<\/td>\n<\/tr>\n<tr>\n<td><strong>Boyutlar (Yakla\u015f\u0131k)<\/strong><\/td>\n<td>42.5 \u00d7 27 \u00d7 81.3\u202fmm (<a title=\"XO CE15 (EU) PD20W USB-C fast charging charger (Materials are ...\" href=\"https:\/\/bestbuy.md\/bcatalog\/xo-ce15-eu-pd20w-usb-c-fast-charging-charger-materials-are-ce-certified\/?utm_source=chatgpt.com\">bestbuy.md<\/a>)<\/td>\n<\/tr>\n<tr>\n<td><strong>Renk<\/strong><\/td>\n<td>Beyaz<\/td>\n<\/tr>\n<tr>\n<td><strong>\u00dcretici Firma<\/strong><\/td>\n<td>XO<\/td>\n<\/tr>\n<tr>\n<td><strong>Garanti S\u00fcresi<\/strong><\/td>\n<td>6 ay (<a title=\"XO CE15 (EU) PD20W USB-C fast charging charger (Materials are ...\" href=\"https:\/\/bestbuy.md\/bcatalog\/xo-ce15-eu-pd20w-usb-c-fast-charging-charger-materials-are-ce-certified\/?utm_source=chatgpt.com\">bestbuy.md<\/a>)<\/td>\n<\/tr>\n<\/tbody>\n<\/table>\n","protected":false},"excerpt":{"rendered":"<p>XO CE15 (EU)\u202fPD 20\u202fW USB\u2011C h\u0131zl\u0131 \u015farj adapt\u00f6r\u00fc, g\u00fc\u00e7l\u00fc ve kompakt bir cihazd\u0131r. AC 100\u2013240\u202fV aras\u0131 giri\u015f voltaj\u0131n\u0131 destekler ve tek USB\u2011C \u00e7\u0131k\u0131\u015f portu \u00fczerinden maksimum 20\u202fW g\u00fc\u00e7 \u00fcretir. PD 2.0 ve PD 3.0 protokollerini desteklerken, cihazda k\u0131sa devre, a\u015f\u0131r\u0131 ak\u0131m ve a\u015f\u0131r\u0131 voltaj korumas\u0131 bulunur. Hafif ve CE sertifikal\u0131 malzemeden \u00fcretilmi\u015ftir.<\/p>\n","protected":false},"featured_media":1310,"template":"","meta":{"_uag_custom_page_level_css":"","site-sidebar-layout":"default","site-content-layout":"","ast-site-content-layout":"default","site-content-style":"default","site-sidebar-style":"default","ast-global-header-display":"","ast-banner-title-visibility":"","ast-main-header-display":"","ast-hfb-above-header-display":"","ast-hfb-below-header-display":"","ast-hfb-mobile-header-display":"","site-post-title":"","ast-breadcrumbs-content":"","ast-featured-img":"","footer-sml-layout":"","theme-transparent-header-meta":"default","adv-header-id-meta":"","stick-header-meta":"","header-above-stick-meta":"","header-main-stick-meta":"","header-below-stick-meta":"","astra-migrate-meta-layouts":"set","ast-page-background-enabled":"default","ast-page-background-meta":{"desktop":{"background-color":"var(--ast-global-color-5)","background-image":"","background-repeat":"repeat","background-position":"center center","background-size":"auto","background-attachment":"scroll","background-type":"","background-media":"","overlay-type":"","overlay-color":"","overlay-opacity":"","overlay-gradient":""},"tablet":{"background-color":"","background-image":"","background-repeat":"repeat","background-position":"center center","background-size":"auto","background-attachment":"scroll","background-type":"","background-media":"","overlay-type":"","overlay-color":"","overlay-opacity":"","overlay-gradient":""},"mobile":{"background-color":"","background-image":"","background-repeat":"repeat","background-position":"center center","background-size":"auto","background-attachment":"scroll","background-type":"","background-media":"","overlay-type":"","overlay-color":"","overlay-opacity":"","overlay-gradient":""}},"ast-content-background-meta":{"desktop":{"background-color":"var(--ast-global-color-4)","background-image":"","background-repeat":"repeat","background-position":"center center","background-size":"auto","background-attachment":"scroll","background-type":"","background-media":"","overlay-type":"","overlay-color":"","overlay-opacity":"","overlay-gradient":""},"tablet":{"background-color":"var(--ast-global-color-4)","background-image":"","background-repeat":"repeat","background-position":"center center","background-size":"auto","background-attachment":"scroll","background-type":"","background-media":"","overlay-type":"","overlay-color":"","overlay-opacity":"","overlay-gradient":""},"mobile":{"background-color":"var(--ast-global-color-4)","background-image":"","background-repeat":"repeat","background-position":"center center","background-size":"auto","background-attachment":"scroll","background-type":"","background-media":"","overlay-type":"","overlay-color":"","overlay-opacity":"","overlay-gradient":""}}},"product_brand":[],"product_cat":[46],"product_tag":[],"class_list":{"0":"post-1309","1":"product","2":"type-product","3":"status-publish","4":"has-post-thumbnail","6":"product_cat-aksesuarlar","7":"desktop-align-left","8":"tablet-align-left","9":"mobile-align-left","11":"first","12":"instock","13":"taxable","14":"shipping-taxable","15":"purchasable","16":"product-type-simple"},"uagb_featured_image_src":{"full":["https:\/\/mtelturkey.com.tr\/wp-content\/uploads\/2025\/07\/CE15.jpg",500,500,false],"thumbnail":["https:\/\/mtelturkey.com.tr\/wp-content\/uploads\/2025\/07\/CE15-150x150.jpg",150,150,true],"medium":["https:\/\/mtelturkey.com.tr\/wp-content\/uploads\/2025\/07\/CE15-300x300.jpg",300,300,true],"medium_large":["https:\/\/mtelturkey.com.tr\/wp-content\/uploads\/2025\/07\/CE15.jpg",500,500,false],"large":["https:\/\/mtelturkey.com.tr\/wp-content\/uploads\/2025\/07\/CE15.jpg",500,500,false],"1536x1536":["https:\/\/mtelturkey.com.tr\/wp-content\/uploads\/2025\/07\/CE15.jpg",500,500,false],"2048x2048":["https:\/\/mtelturkey.com.tr\/wp-content\/uploads\/2025\/07\/CE15.jpg",500,500,false],"woocommerce_thumbnail":["https:\/\/mtelturkey.com.tr\/wp-content\/uploads\/2025\/07\/CE15-300x300.jpg",300,300,true],"woocommerce_single":["https:\/\/mtelturkey.com.tr\/wp-content\/uploads\/2025\/07\/CE15.jpg",500,500,false],"woocommerce_gallery_thumbnail":["https:\/\/mtelturkey.com.tr\/wp-content\/uploads\/2025\/07\/CE15-100x100.jpg",100,100,true]},"uagb_author_info":{"display_name":"Absolutewd","author_link":"https:\/\/mtelturkey.com.tr\/bs\/author\/"},"uagb_comment_info":0,"uagb_excerpt":"XO CE15 (EU)\u202fPD 20\u202fW USB\u2011C h\u0131zl\u0131 \u015farj adapt\u00f6r\u00fc, g\u00fc\u00e7l\u00fc ve kompakt bir cihazd\u0131r. AC 100\u2013240\u202fV aras\u0131 giri\u015f voltaj\u0131n\u0131 destekler ve tek USB\u2011C \u00e7\u0131k\u0131\u015f portu \u00fczerinden maksimum 20\u202fW g\u00fc\u00e7 \u00fcretir. PD 2.0 ve PD 3.0 protokollerini desteklerken, cihazda k\u0131sa devre, a\u015f\u0131r\u0131 ak\u0131m ve a\u015f\u0131r\u0131 voltaj korumas\u0131 bulunur. Hafif ve CE sertifikal\u0131 malzemeden \u00fcretilmi\u015ftir.","_links":{"self":[{"href":"https:\/\/mtelturkey.com.tr\/bs\/wp-json\/wp\/v2\/product\/1309","targetHints":{"allow":["GET"]}}],"collection":[{"href":"https:\/\/mtelturkey.com.tr\/bs\/wp-json\/wp\/v2\/product"}],"about":[{"href":"https:\/\/mtelturkey.com.tr\/bs\/wp-json\/wp\/v2\/types\/product"}],"wp:featuredmedia":[{"embeddable":true,"href":"https:\/\/mtelturkey.com.tr\/bs\/wp-json\/wp\/v2\/media\/1310"}],"wp:attachment":[{"href":"https:\/\/mtelturkey.com.tr\/bs\/wp-json\/wp\/v2\/media?parent=1309"}],"wp:term":[{"taxonomy":"product_brand","embeddable":true,"href":"https:\/\/mtelturkey.com.tr\/bs\/wp-json\/wp\/v2\/product_brand?post=1309"},{"taxonomy":"product_cat","embeddable":true,"href":"https:\/\/mtelturkey.com.tr\/bs\/wp-json\/wp\/v2\/product_cat?post=1309"},{"taxonomy":"product_tag","embeddable":true,"href":"https:\/\/mtelturkey.com.tr\/bs\/wp-json\/wp\/v2\/product_tag?post=1309"}],"curies":[{"name":"wp","href":"https:\/\/api.w.org\/{rel}","templated":true}]}}