{"id":1312,"date":"2025-07-31T15:04:51","date_gmt":"2025-07-31T12:04:51","guid":{"rendered":"https:\/\/mtelturkey.com.tr\/?post_type=product&#038;p=1312"},"modified":"2025-07-31T15:22:30","modified_gmt":"2025-07-31T12:22:30","slug":"xo-c15eu-20w-quick-charger-copy","status":"publish","type":"product","link":"https:\/\/mtelturkey.com.tr\/bs\/product\/xo-c15eu-20w-quick-charger-copy\/","title":{"rendered":"XO-M10 USB Wire Mouse"},"content":{"rendered":"<table>\n<thead>\n<tr>\n<th>\u00d6zellik<\/th>\n<th>A\u00e7\u0131klama<\/th>\n<\/tr>\n<\/thead>\n<tbody>\n<tr>\n<td><strong>Model<\/strong><\/td>\n<td>XO-M10<\/td>\n<\/tr>\n<tr>\n<td><strong>Mouse T\u00fcr\u00fc<\/strong><\/td>\n<td>Kablolu, 6 tu\u015flu standart mouse<\/td>\n<\/tr>\n<tr>\n<td><strong>G\u00f6vde Malzemesi<\/strong><\/td>\n<td>ABS<\/td>\n<\/tr>\n<tr>\n<td><strong>Ba\u011flant\u0131 Tipi<\/strong><\/td>\n<td>USB<\/td>\n<\/tr>\n<tr>\n<td><strong>\u00c7al\u0131\u015fma Voltaj\u0131<\/strong><\/td>\n<td>1.5V DC \u00b1 5%<\/td>\n<\/tr>\n<tr>\n<td><strong>\u00c7al\u0131\u015fma Ak\u0131m\u0131<\/strong><\/td>\n<td>30 mA<\/td>\n<\/tr>\n<tr>\n<td><strong>Sistem Uyumlulu\u011fu<\/strong><\/td>\n<td>IBM PC ve ki\u015fisel bilgisayarlarla uyumlu<\/td>\n<\/tr>\n<tr>\n<td><strong>MCU \u00c7ip<\/strong><\/td>\n<td>5311<\/td>\n<\/tr>\n<tr>\n<td><strong>DPI Ayarlar\u0131<\/strong><\/td>\n<td>1200 \/ 1800 \/ 2400 \/ 3200<\/td>\n<\/tr>\n<tr>\n<td><strong>Enkoder<\/strong><\/td>\n<td>Sealed 30W<\/td>\n<\/tr>\n<tr>\n<td><strong>Tu\u015f \u00d6mr\u00fc<\/strong><\/td>\n<td>3 milyon t\u0131klama (300W kez)<\/td>\n<\/tr>\n<tr>\n<td><strong>Boyutlar<\/strong><\/td>\n<td>131.4 (U) \u00d7 77 (G) \u00d7 40.4 (Y) \u00b1 2 mm<\/td>\n<\/tr>\n<tr>\n<td><strong>A\u011f\u0131rl\u0131k<\/strong><\/td>\n<td>135.8 \u00b1 5g<\/td>\n<\/tr>\n<tr>\n<td><strong>Kullan\u0131m<\/strong><\/td>\n<td>Tak ve \u00e7al\u0131\u015ft\u0131r (Plug and Play)<\/td>\n<\/tr>\n<\/tbody>\n<\/table>\n","protected":false},"excerpt":{"rendered":"<p data-start=\"155\" data-end=\"384\">XO-M10 USB kablolu mouse, \u015f\u0131k tasar\u0131m\u0131 ve dayan\u0131kl\u0131 yap\u0131s\u0131yla g\u00fcnl\u00fck bilgisayar kullan\u0131m\u0131 i\u00e7in idealdir. 6 tu\u015flu yap\u0131s\u0131, y\u00fcksek hassasiyetli DPI ayarlar\u0131 ve tak-\u00e7al\u0131\u015ft\u0131r \u00f6zelli\u011fiyle hem ev hem de ofis kullan\u0131c\u0131lar\u0131 i\u00e7in uygundur.<\/p>\n","protected":false},"featured_media":1316,"template":"","meta":{"_uag_custom_page_level_css":"","site-sidebar-layout":"default","site-content-layout":"","ast-site-content-layout":"default","site-content-style":"default","site-sidebar-style":"default","ast-global-header-display":"","ast-banner-title-visibility":"","ast-main-header-display":"","ast-hfb-above-header-display":"","ast-hfb-below-header-display":"","ast-hfb-mobile-header-display":"","site-post-title":"","ast-breadcrumbs-content":"","ast-featured-img":"","footer-sml-layout":"","theme-transparent-header-meta":"default","adv-header-id-meta":"","stick-header-meta":"","header-above-stick-meta":"","header-main-stick-meta":"","header-below-stick-meta":"","astra-migrate-meta-layouts":"set","ast-page-background-enabled":"default","ast-page-background-meta":{"desktop":{"background-color":"var(--ast-global-color-5)","background-image":"","background-repeat":"repeat","background-position":"center center","background-size":"auto","background-attachment":"scroll","background-type":"","background-media":"","overlay-type":"","overlay-color":"","overlay-opacity":"","overlay-gradient":""},"tablet":{"background-color":"","background-image":"","background-repeat":"repeat","background-position":"center center","background-size":"auto","background-attachment":"scroll","background-type":"","background-media":"","overlay-type":"","overlay-color":"","overlay-opacity":"","overlay-gradient":""},"mobile":{"background-color":"","background-image":"","background-repeat":"repeat","background-position":"center center","background-size":"auto","background-attachment":"scroll","background-type":"","background-media":"","overlay-type":"","overlay-color":"","overlay-opacity":"","overlay-gradient":""}},"ast-content-background-meta":{"desktop":{"background-color":"var(--ast-global-color-4)","background-image":"","background-repeat":"repeat","background-position":"center center","background-size":"auto","background-attachment":"scroll","background-type":"","background-media":"","overlay-type":"","overlay-color":"","overlay-opacity":"","overlay-gradient":""},"tablet":{"background-color":"var(--ast-global-color-4)","background-image":"","background-repeat":"repeat","background-position":"center center","background-size":"auto","background-attachment":"scroll","background-type":"","background-media":"","overlay-type":"","overlay-color":"","overlay-opacity":"","overlay-gradient":""},"mobile":{"background-color":"var(--ast-global-color-4)","background-image":"","background-repeat":"repeat","background-position":"center center","background-size":"auto","background-attachment":"scroll","background-type":"","background-media":"","overlay-type":"","overlay-color":"","overlay-opacity":"","overlay-gradient":""}}},"product_brand":[],"product_cat":[46],"product_tag":[],"class_list":{"0":"post-1312","1":"product","2":"type-product","3":"status-publish","4":"has-post-thumbnail","6":"product_cat-aksesuarlar","7":"desktop-align-left","8":"tablet-align-left","9":"mobile-align-left","11":"first","12":"instock","13":"taxable","14":"shipping-taxable","15":"purchasable","16":"product-type-simple"},"uagb_featured_image_src":{"full":["https:\/\/mtelturkey.com.tr\/wp-content\/uploads\/2025\/07\/XO-M10-USB-Wire-Mouse-2.jpg",500,500,false],"thumbnail":["https:\/\/mtelturkey.com.tr\/wp-content\/uploads\/2025\/07\/XO-M10-USB-Wire-Mouse-2-150x150.jpg",150,150,true],"medium":["https:\/\/mtelturkey.com.tr\/wp-content\/uploads\/2025\/07\/XO-M10-USB-Wire-Mouse-2-300x300.jpg",300,300,true],"medium_large":["https:\/\/mtelturkey.com.tr\/wp-content\/uploads\/2025\/07\/XO-M10-USB-Wire-Mouse-2.jpg",500,500,false],"large":["https:\/\/mtelturkey.com.tr\/wp-content\/uploads\/2025\/07\/XO-M10-USB-Wire-Mouse-2.jpg",500,500,false],"1536x1536":["https:\/\/mtelturkey.com.tr\/wp-content\/uploads\/2025\/07\/XO-M10-USB-Wire-Mouse-2.jpg",500,500,false],"2048x2048":["https:\/\/mtelturkey.com.tr\/wp-content\/uploads\/2025\/07\/XO-M10-USB-Wire-Mouse-2.jpg",500,500,false],"woocommerce_thumbnail":["https:\/\/mtelturkey.com.tr\/wp-content\/uploads\/2025\/07\/XO-M10-USB-Wire-Mouse-2-300x300.jpg",300,300,true],"woocommerce_single":["https:\/\/mtelturkey.com.tr\/wp-content\/uploads\/2025\/07\/XO-M10-USB-Wire-Mouse-2.jpg",500,500,false],"woocommerce_gallery_thumbnail":["https:\/\/mtelturkey.com.tr\/wp-content\/uploads\/2025\/07\/XO-M10-USB-Wire-Mouse-2-100x100.jpg",100,100,true]},"uagb_author_info":{"display_name":"Absolutewd","author_link":"https:\/\/mtelturkey.com.tr\/bs\/author\/"},"uagb_comment_info":0,"uagb_excerpt":"XO-M10 USB kablolu mouse, \u015f\u0131k tasar\u0131m\u0131 ve dayan\u0131kl\u0131 yap\u0131s\u0131yla g\u00fcnl\u00fck bilgisayar kullan\u0131m\u0131 i\u00e7in idealdir. 6 tu\u015flu yap\u0131s\u0131, y\u00fcksek hassasiyetli DPI ayarlar\u0131 ve tak-\u00e7al\u0131\u015ft\u0131r \u00f6zelli\u011fiyle hem ev hem de ofis kullan\u0131c\u0131lar\u0131 i\u00e7in uygundur.","_links":{"self":[{"href":"https:\/\/mtelturkey.com.tr\/bs\/wp-json\/wp\/v2\/product\/1312","targetHints":{"allow":["GET"]}}],"collection":[{"href":"https:\/\/mtelturkey.com.tr\/bs\/wp-json\/wp\/v2\/product"}],"about":[{"href":"https:\/\/mtelturkey.com.tr\/bs\/wp-json\/wp\/v2\/types\/product"}],"wp:featuredmedia":[{"embeddable":true,"href":"https:\/\/mtelturkey.com.tr\/bs\/wp-json\/wp\/v2\/media\/1316"}],"wp:attachment":[{"href":"https:\/\/mtelturkey.com.tr\/bs\/wp-json\/wp\/v2\/media?parent=1312"}],"wp:term":[{"taxonomy":"product_brand","embeddable":true,"href":"https:\/\/mtelturkey.com.tr\/bs\/wp-json\/wp\/v2\/product_brand?post=1312"},{"taxonomy":"product_cat","embeddable":true,"href":"https:\/\/mtelturkey.com.tr\/bs\/wp-json\/wp\/v2\/product_cat?post=1312"},{"taxonomy":"product_tag","embeddable":true,"href":"https:\/\/mtelturkey.com.tr\/bs\/wp-json\/wp\/v2\/product_tag?post=1312"}],"curies":[{"name":"wp","href":"https:\/\/api.w.org\/{rel}","templated":true}]}}