{"id":1323,"date":"2025-07-31T15:32:39","date_gmt":"2025-07-31T12:32:39","guid":{"rendered":"https:\/\/mtelturkey.com.tr\/?post_type=product&#038;p=1323"},"modified":"2025-07-31T15:33:56","modified_gmt":"2025-07-31T12:33:56","slug":"redmi-buds-4","status":"publish","type":"product","link":"https:\/\/mtelturkey.com.tr\/bs\/product\/redmi-buds-4\/","title":{"rendered":"Redmi Buds 4"},"content":{"rendered":"<table>\n<thead>\n<tr>\n<th>\u00d6zellik<\/th>\n<th>A\u00e7\u0131klama<\/th>\n<\/tr>\n<\/thead>\n<tbody>\n<tr>\n<td><strong>Model<\/strong><\/td>\n<td>Redmi Buds\u202f4<\/td>\n<\/tr>\n<tr>\n<td><strong>S\u00fcr\u00fcc\u00fc Tipi<\/strong><\/td>\n<td>10\u202fmm dinamik s\u00fcr\u00fcc\u00fc<\/td>\n<\/tr>\n<tr>\n<td><strong>G\u00fcr\u00fclt\u00fc Engelleme (ANC)<\/strong><\/td>\n<td>Hibrit aktif ANC (35\u202fdB'e kadar)<\/td>\n<\/tr>\n<tr>\n<td><strong>Bluetooth Versiyonu<\/strong><\/td>\n<td>Bluetooth 5.2<\/td>\n<\/tr>\n<tr>\n<td><strong>Transparency Modu<\/strong><\/td>\n<td>\u00c7ift mod (g\u00fcr\u00fclt\u00fc engelleme \/ ortam sesi modu)<\/td>\n<\/tr>\n<tr>\n<td><strong>Pil S\u00fcresi (her kulakl\u0131k)<\/strong><\/td>\n<td>Yakla\u015f\u0131k 6 saat m\u00fczik oynatma s\u00fcresi<\/td>\n<\/tr>\n<tr>\n<td><strong>Toplam Pil S\u00fcresi (Kutuyla)<\/strong><\/td>\n<td>Yakla\u015f\u0131k 30 saat<\/td>\n<\/tr>\n<tr>\n<td><strong>Su\/Duman Direnci<\/strong><\/td>\n<td>IP54 (toz ve s\u0131\u00e7rama korumal\u0131)<\/td>\n<\/tr>\n<tr>\n<td><strong>Menzi\u0307l<\/strong><\/td>\n<td>Yakla\u015f\u0131k 10\u202fm a\u00e7\u0131k alanda<\/td>\n<\/tr>\n<tr>\n<td><strong>Kulakl\u0131k A\u011f\u0131rl\u0131\u011f\u0131<\/strong><\/td>\n<td>~4.5\u202fg<\/td>\n<\/tr>\n<tr>\n<td><strong>Toplam A\u011f\u0131rl\u0131k (Kutuyla)<\/strong><\/td>\n<td>~55\u202fg<\/td>\n<\/tr>\n<tr>\n<td><strong>\u015earj Portu<\/strong><\/td>\n<td>USB\u2011C<\/td>\n<\/tr>\n<tr>\n<td><strong>Kullan\u0131m \u00d6zelli\u011fi<\/strong><\/td>\n<td>MIUI pop\u2011up deste\u011fi, tak\u2011\u00e7al\u0131\u015ft\u0131r e\u015fle\u015fme<\/td>\n<\/tr>\n<tr>\n<td><strong>Ses Codec Deste\u011fi<\/strong><\/td>\n<td>SBC \/ AAC (cihaz uyumlulu\u011funa ba\u011fl\u0131)<\/td>\n<\/tr>\n<\/tbody>\n<\/table>\n","protected":false},"excerpt":{"rendered":"<p>Redmi Buds\u202f4, 10\u202fmm dinamik s\u00fcr\u00fcc\u00fcler, hibrit ANC (aktif g\u00fcr\u00fclt\u00fc engelleme) ve IP54 dayan\u0131kl\u0131l\u0131k ile donat\u0131lm\u0131\u015f uygun fiyatl\u0131 ger\u00e7ek kablosuz kulakl\u0131klard\u0131r. Her \u015farjda yakla\u015f\u0131k 6 saat m\u00fczik oynatma s\u00fcresi sunarken, \u015farj kutusu ile bu s\u00fcre 30 saate kadar \u00e7\u0131kabilir. Bluetooth\u202f5.2 deste\u011fi ve \u00e7ift Transparency modu sayesinde hem oyun hem aramalar i\u00e7in idealdir.<\/p>\n","protected":false},"featured_media":1324,"template":"","meta":{"_uag_custom_page_level_css":"","site-sidebar-layout":"default","site-content-layout":"","ast-site-content-layout":"default","site-content-style":"default","site-sidebar-style":"default","ast-global-header-display":"","ast-banner-title-visibility":"","ast-main-header-display":"","ast-hfb-above-header-display":"","ast-hfb-below-header-display":"","ast-hfb-mobile-header-display":"","site-post-title":"","ast-breadcrumbs-content":"","ast-featured-img":"","footer-sml-layout":"","theme-transparent-header-meta":"default","adv-header-id-meta":"","stick-header-meta":"","header-above-stick-meta":"","header-main-stick-meta":"","header-below-stick-meta":"","astra-migrate-meta-layouts":"set","ast-page-background-enabled":"default","ast-page-background-meta":{"desktop":{"background-color":"var(--ast-global-color-5)","background-image":"","background-repeat":"repeat","background-position":"center center","background-size":"auto","background-attachment":"scroll","background-type":"","background-media":"","overlay-type":"","overlay-color":"","overlay-opacity":"","overlay-gradient":""},"tablet":{"background-color":"","background-image":"","background-repeat":"repeat","background-position":"center center","background-size":"auto","background-attachment":"scroll","background-type":"","background-media":"","overlay-type":"","overlay-color":"","overlay-opacity":"","overlay-gradient":""},"mobile":{"background-color":"","background-image":"","background-repeat":"repeat","background-position":"center center","background-size":"auto","background-attachment":"scroll","background-type":"","background-media":"","overlay-type":"","overlay-color":"","overlay-opacity":"","overlay-gradient":""}},"ast-content-background-meta":{"desktop":{"background-color":"var(--ast-global-color-4)","background-image":"","background-repeat":"repeat","background-position":"center center","background-size":"auto","background-attachment":"scroll","background-type":"","background-media":"","overlay-type":"","overlay-color":"","overlay-opacity":"","overlay-gradient":""},"tablet":{"background-color":"var(--ast-global-color-4)","background-image":"","background-repeat":"repeat","background-position":"center center","background-size":"auto","background-attachment":"scroll","background-type":"","background-media":"","overlay-type":"","overlay-color":"","overlay-opacity":"","overlay-gradient":""},"mobile":{"background-color":"var(--ast-global-color-4)","background-image":"","background-repeat":"repeat","background-position":"center center","background-size":"auto","background-attachment":"scroll","background-type":"","background-media":"","overlay-type":"","overlay-color":"","overlay-opacity":"","overlay-gradient":""}}},"product_brand":[],"product_cat":[46],"product_tag":[],"class_list":{"0":"post-1323","1":"product","2":"type-product","3":"status-publish","4":"has-post-thumbnail","6":"product_cat-aksesuarlar","7":"desktop-align-left","8":"tablet-align-left","9":"mobile-align-left","11":"first","12":"instock","13":"taxable","14":"shipping-taxable","15":"purchasable","16":"product-type-simple"},"uagb_featured_image_src":{"full":["https:\/\/mtelturkey.com.tr\/wp-content\/uploads\/2025\/07\/Redmi-Buds-4-2.jpg",500,500,false],"thumbnail":["https:\/\/mtelturkey.com.tr\/wp-content\/uploads\/2025\/07\/Redmi-Buds-4-2-150x150.jpg",150,150,true],"medium":["https:\/\/mtelturkey.com.tr\/wp-content\/uploads\/2025\/07\/Redmi-Buds-4-2-300x300.jpg",300,300,true],"medium_large":["https:\/\/mtelturkey.com.tr\/wp-content\/uploads\/2025\/07\/Redmi-Buds-4-2.jpg",500,500,false],"large":["https:\/\/mtelturkey.com.tr\/wp-content\/uploads\/2025\/07\/Redmi-Buds-4-2.jpg",500,500,false],"1536x1536":["https:\/\/mtelturkey.com.tr\/wp-content\/uploads\/2025\/07\/Redmi-Buds-4-2.jpg",500,500,false],"2048x2048":["https:\/\/mtelturkey.com.tr\/wp-content\/uploads\/2025\/07\/Redmi-Buds-4-2.jpg",500,500,false],"woocommerce_thumbnail":["https:\/\/mtelturkey.com.tr\/wp-content\/uploads\/2025\/07\/Redmi-Buds-4-2-300x300.jpg",300,300,true],"woocommerce_single":["https:\/\/mtelturkey.com.tr\/wp-content\/uploads\/2025\/07\/Redmi-Buds-4-2.jpg",500,500,false],"woocommerce_gallery_thumbnail":["https:\/\/mtelturkey.com.tr\/wp-content\/uploads\/2025\/07\/Redmi-Buds-4-2-100x100.jpg",100,100,true]},"uagb_author_info":{"display_name":"Absolutewd","author_link":"https:\/\/mtelturkey.com.tr\/bs\/author\/"},"uagb_comment_info":0,"uagb_excerpt":"Redmi Buds\u202f4, 10\u202fmm dinamik s\u00fcr\u00fcc\u00fcler, hibrit ANC (aktif g\u00fcr\u00fclt\u00fc engelleme) ve IP54 dayan\u0131kl\u0131l\u0131k ile donat\u0131lm\u0131\u015f uygun fiyatl\u0131 ger\u00e7ek kablosuz kulakl\u0131klard\u0131r. Her \u015farjda yakla\u015f\u0131k 6 saat m\u00fczik oynatma s\u00fcresi sunarken, \u015farj kutusu ile bu s\u00fcre 30 saate kadar \u00e7\u0131kabilir. Bluetooth\u202f5.2 deste\u011fi ve \u00e7ift Transparency modu sayesinde hem oyun hem aramalar i\u00e7in idealdir.","_links":{"self":[{"href":"https:\/\/mtelturkey.com.tr\/bs\/wp-json\/wp\/v2\/product\/1323","targetHints":{"allow":["GET"]}}],"collection":[{"href":"https:\/\/mtelturkey.com.tr\/bs\/wp-json\/wp\/v2\/product"}],"about":[{"href":"https:\/\/mtelturkey.com.tr\/bs\/wp-json\/wp\/v2\/types\/product"}],"wp:featuredmedia":[{"embeddable":true,"href":"https:\/\/mtelturkey.com.tr\/bs\/wp-json\/wp\/v2\/media\/1324"}],"wp:attachment":[{"href":"https:\/\/mtelturkey.com.tr\/bs\/wp-json\/wp\/v2\/media?parent=1323"}],"wp:term":[{"taxonomy":"product_brand","embeddable":true,"href":"https:\/\/mtelturkey.com.tr\/bs\/wp-json\/wp\/v2\/product_brand?post=1323"},{"taxonomy":"product_cat","embeddable":true,"href":"https:\/\/mtelturkey.com.tr\/bs\/wp-json\/wp\/v2\/product_cat?post=1323"},{"taxonomy":"product_tag","embeddable":true,"href":"https:\/\/mtelturkey.com.tr\/bs\/wp-json\/wp\/v2\/product_tag?post=1323"}],"curies":[{"name":"wp","href":"https:\/\/api.w.org\/{rel}","templated":true}]}}