{"id":1333,"date":"2025-07-31T15:42:59","date_gmt":"2025-07-31T12:42:59","guid":{"rendered":"https:\/\/mtelturkey.com.tr\/?post_type=product&#038;p=1333"},"modified":"2025-07-31T15:48:37","modified_gmt":"2025-07-31T12:48:37","slug":"redmi-buds-3","status":"publish","type":"product","link":"https:\/\/mtelturkey.com.tr\/bs\/product\/redmi-buds-3\/","title":{"rendered":"Redmi Buds 3"},"content":{"rendered":"<table>\n<thead>\n<tr>\n<th>\u00d6zellik<\/th>\n<th>A\u00e7\u0131klama<\/th>\n<\/tr>\n<\/thead>\n<tbody>\n<tr>\n<td><strong>Model<\/strong><\/td>\n<td>Redmi Buds\u202f3<\/td>\n<\/tr>\n<tr>\n<td><strong>Bluetooth Versiyonu<\/strong><\/td>\n<td>Bluetooth\u202f5.2<\/td>\n<\/tr>\n<tr>\n<td><strong>\u00c7ipset<\/strong><\/td>\n<td>Qualcomm QCC3040<\/td>\n<\/tr>\n<tr>\n<td><strong>S\u00fcr\u00fcc\u00fc Boyutu<\/strong><\/td>\n<td>12\u202fmm dinamik s\u00fcr\u00fcc\u00fc<\/td>\n<\/tr>\n<tr>\n<td><strong>Tasar\u0131m<\/strong><\/td>\n<td>Yar\u0131 kulak i\u00e7i, her kulak ~4.5\u202fg<\/td>\n<\/tr>\n<tr>\n<td><strong>G\u00fcr\u00fclt\u00fc Engelleme<\/strong><\/td>\n<td>Dual-mikrofon + Qualcomm cVc echo suppression<\/td>\n<\/tr>\n<tr>\n<td><strong>Pil S\u00fcresi (kulakl\u0131k)<\/strong><\/td>\n<td>Yakla\u015f\u0131k 5 saat m\u00fczik \u00e7alma<\/td>\n<\/tr>\n<tr>\n<td><strong>Toplam Pil S\u00fcresi (kutu)<\/strong><\/td>\n<td>Yakla\u015f\u0131k 20 saat kullan\u0131m<\/td>\n<\/tr>\n<tr>\n<td><strong>H\u0131zl\u0131 \u015earj<\/strong><\/td>\n<td>10 dakikal\u0131k \u015farj \u2248 1.5 saat kullan\u0131m<\/td>\n<\/tr>\n<tr>\n<td><strong>Su &amp; Toz Dayan\u0131kl\u0131l\u0131\u011f\u0131<\/strong><\/td>\n<td>IP54 (toz ve su s\u0131\u00e7ramalar\u0131na kar\u015f\u0131 korumal\u0131)<\/td>\n<\/tr>\n<tr>\n<td><strong>Kablosuz Menzil<\/strong><\/td>\n<td>~10\u202fm (engel olmayan a\u00e7\u0131k alanda)<\/td>\n<\/tr>\n<tr>\n<td><strong>\u015earj Kutusu Kapasitesi<\/strong><\/td>\n<td>~310\u202fmAh<\/td>\n<\/tr>\n<tr>\n<td><strong>Kutu Boyutlar\u0131<\/strong><\/td>\n<td>~49.6\u202f\u00d7\u202f49.6\u202f\u00d7\u202f24.4\u202fmm<\/td>\n<\/tr>\n<tr>\n<td><strong>\u015earj Portu<\/strong><\/td>\n<td>USB\u2011C<\/td>\n<\/tr>\n<tr>\n<td><strong>Sens\u00f6r<\/strong><\/td>\n<td>Dokunmatik kontroller, tak\u2011\u00e7\u0131kar alg\u0131lama<\/td>\n<\/tr>\n<tr>\n<td><strong>Garanti S\u00fcresi<\/strong><\/td>\n<td>1 Y\u0131l<\/td>\n<\/tr>\n<\/tbody>\n<\/table>\n","protected":false},"excerpt":{"rendered":"<p>Redmi Buds\u202f3, 12\u202fmm dinamik s\u00fcr\u00fcc\u00fcler, Qualcomm QCC3040 \u00e7ipseti ve Qualcomm cVc g\u00fcr\u00fclt\u00fc engelleme teknolojisiyle \u00fcst\u00fcn ses kalitesi sunar. Bluetooth\u202f5.2 ba\u011flant\u0131s\u0131 ve yar\u0131 kulak i\u00e7i tasar\u0131m\u0131 sayesinde hafifli\u011fi (~4.5\u202fg) ile uzun s\u00fcreli kullan\u0131mlarda bile rahats\u0131zl\u0131k vermez. Tek \u015farjda yakla\u015f\u0131k 5 saat, \u015farj kutusuyla toplam 20 saate kadar kullan\u0131m s\u00fcresi sunar. IP54 sertifikas\u0131 sayesinde toz ve s\u0131\u00e7ramalara kar\u015f\u0131 dayan\u0131kl\u0131d\u0131r. Dokunmatik kontroller ve USB\u2011C h\u0131zl\u0131 \u015farj deste\u011fi ile kullan\u0131c\u0131 dostudur.<\/p>\n","protected":false},"featured_media":1334,"template":"","meta":{"_uag_custom_page_level_css":"","site-sidebar-layout":"default","site-content-layout":"","ast-site-content-layout":"default","site-content-style":"default","site-sidebar-style":"default","ast-global-header-display":"","ast-banner-title-visibility":"","ast-main-header-display":"","ast-hfb-above-header-display":"","ast-hfb-below-header-display":"","ast-hfb-mobile-header-display":"","site-post-title":"","ast-breadcrumbs-content":"","ast-featured-img":"","footer-sml-layout":"","theme-transparent-header-meta":"default","adv-header-id-meta":"","stick-header-meta":"","header-above-stick-meta":"","header-main-stick-meta":"","header-below-stick-meta":"","astra-migrate-meta-layouts":"set","ast-page-background-enabled":"default","ast-page-background-meta":{"desktop":{"background-color":"var(--ast-global-color-5)","background-image":"","background-repeat":"repeat","background-position":"center center","background-size":"auto","background-attachment":"scroll","background-type":"","background-media":"","overlay-type":"","overlay-color":"","overlay-opacity":"","overlay-gradient":""},"tablet":{"background-color":"","background-image":"","background-repeat":"repeat","background-position":"center center","background-size":"auto","background-attachment":"scroll","background-type":"","background-media":"","overlay-type":"","overlay-color":"","overlay-opacity":"","overlay-gradient":""},"mobile":{"background-color":"","background-image":"","background-repeat":"repeat","background-position":"center center","background-size":"auto","background-attachment":"scroll","background-type":"","background-media":"","overlay-type":"","overlay-color":"","overlay-opacity":"","overlay-gradient":""}},"ast-content-background-meta":{"desktop":{"background-color":"var(--ast-global-color-4)","background-image":"","background-repeat":"repeat","background-position":"center center","background-size":"auto","background-attachment":"scroll","background-type":"","background-media":"","overlay-type":"","overlay-color":"","overlay-opacity":"","overlay-gradient":""},"tablet":{"background-color":"var(--ast-global-color-4)","background-image":"","background-repeat":"repeat","background-position":"center center","background-size":"auto","background-attachment":"scroll","background-type":"","background-media":"","overlay-type":"","overlay-color":"","overlay-opacity":"","overlay-gradient":""},"mobile":{"background-color":"var(--ast-global-color-4)","background-image":"","background-repeat":"repeat","background-position":"center center","background-size":"auto","background-attachment":"scroll","background-type":"","background-media":"","overlay-type":"","overlay-color":"","overlay-opacity":"","overlay-gradient":""}}},"product_brand":[],"product_cat":[46],"product_tag":[],"class_list":{"0":"post-1333","1":"product","2":"type-product","3":"status-publish","4":"has-post-thumbnail","6":"product_cat-aksesuarlar","7":"desktop-align-left","8":"tablet-align-left","9":"mobile-align-left","11":"first","12":"instock","13":"taxable","14":"shipping-taxable","15":"purchasable","16":"product-type-simple"},"uagb_featured_image_src":{"full":["https:\/\/mtelturkey.com.tr\/wp-content\/uploads\/2025\/07\/Redmi-Buds-3-3.jpg",705,705,false],"thumbnail":["https:\/\/mtelturkey.com.tr\/wp-content\/uploads\/2025\/07\/Redmi-Buds-3-3-150x150.jpg",150,150,true],"medium":["https:\/\/mtelturkey.com.tr\/wp-content\/uploads\/2025\/07\/Redmi-Buds-3-3-300x300.jpg",300,300,true],"medium_large":["https:\/\/mtelturkey.com.tr\/wp-content\/uploads\/2025\/07\/Redmi-Buds-3-3.jpg",705,705,false],"large":["https:\/\/mtelturkey.com.tr\/wp-content\/uploads\/2025\/07\/Redmi-Buds-3-3.jpg",705,705,false],"1536x1536":["https:\/\/mtelturkey.com.tr\/wp-content\/uploads\/2025\/07\/Redmi-Buds-3-3.jpg",705,705,false],"2048x2048":["https:\/\/mtelturkey.com.tr\/wp-content\/uploads\/2025\/07\/Redmi-Buds-3-3.jpg",705,705,false],"woocommerce_thumbnail":["https:\/\/mtelturkey.com.tr\/wp-content\/uploads\/2025\/07\/Redmi-Buds-3-3-300x300.jpg",300,300,true],"woocommerce_single":["https:\/\/mtelturkey.com.tr\/wp-content\/uploads\/2025\/07\/Redmi-Buds-3-3-600x600.jpg",600,600,true],"woocommerce_gallery_thumbnail":["https:\/\/mtelturkey.com.tr\/wp-content\/uploads\/2025\/07\/Redmi-Buds-3-3-100x100.jpg",100,100,true]},"uagb_author_info":{"display_name":"Absolutewd","author_link":"https:\/\/mtelturkey.com.tr\/bs\/author\/"},"uagb_comment_info":0,"uagb_excerpt":"Redmi Buds\u202f3, 12\u202fmm dinamik s\u00fcr\u00fcc\u00fcler, Qualcomm QCC3040 \u00e7ipseti ve Qualcomm cVc g\u00fcr\u00fclt\u00fc engelleme teknolojisiyle \u00fcst\u00fcn ses kalitesi sunar. Bluetooth\u202f5.2 ba\u011flant\u0131s\u0131 ve yar\u0131 kulak i\u00e7i tasar\u0131m\u0131 sayesinde hafifli\u011fi (~4.5\u202fg) ile uzun s\u00fcreli kullan\u0131mlarda bile rahats\u0131zl\u0131k vermez. Tek \u015farjda yakla\u015f\u0131k 5 saat, \u015farj kutusuyla toplam 20 saate kadar kullan\u0131m s\u00fcresi sunar. IP54 sertifikas\u0131 sayesinde toz ve s\u0131\u00e7ramalara&hellip;","_links":{"self":[{"href":"https:\/\/mtelturkey.com.tr\/bs\/wp-json\/wp\/v2\/product\/1333","targetHints":{"allow":["GET"]}}],"collection":[{"href":"https:\/\/mtelturkey.com.tr\/bs\/wp-json\/wp\/v2\/product"}],"about":[{"href":"https:\/\/mtelturkey.com.tr\/bs\/wp-json\/wp\/v2\/types\/product"}],"wp:featuredmedia":[{"embeddable":true,"href":"https:\/\/mtelturkey.com.tr\/bs\/wp-json\/wp\/v2\/media\/1334"}],"wp:attachment":[{"href":"https:\/\/mtelturkey.com.tr\/bs\/wp-json\/wp\/v2\/media?parent=1333"}],"wp:term":[{"taxonomy":"product_brand","embeddable":true,"href":"https:\/\/mtelturkey.com.tr\/bs\/wp-json\/wp\/v2\/product_brand?post=1333"},{"taxonomy":"product_cat","embeddable":true,"href":"https:\/\/mtelturkey.com.tr\/bs\/wp-json\/wp\/v2\/product_cat?post=1333"},{"taxonomy":"product_tag","embeddable":true,"href":"https:\/\/mtelturkey.com.tr\/bs\/wp-json\/wp\/v2\/product_tag?post=1333"}],"curies":[{"name":"wp","href":"https:\/\/api.w.org\/{rel}","templated":true}]}}