{"id":1346,"date":"2025-07-31T15:48:46","date_gmt":"2025-07-31T12:48:46","guid":{"rendered":"https:\/\/mtelturkey.com.tr\/?post_type=product&#038;p=1346"},"modified":"2025-07-31T15:53:00","modified_gmt":"2025-07-31T12:53:00","slug":"redmi-buds-4-lite","status":"publish","type":"product","link":"https:\/\/mtelturkey.com.tr\/bs\/product\/redmi-buds-4-lite\/","title":{"rendered":"Redmi Buds 4 Lite"},"content":{"rendered":"<table>\n<thead>\n<tr>\n<th>\u00d6zellik<\/th>\n<th>A\u00e7\u0131klama<\/th>\n<\/tr>\n<\/thead>\n<tbody>\n<tr>\n<td><strong>Model<\/strong><\/td>\n<td>Redmi\u202fBuds\u202f4\u202fLite<\/td>\n<\/tr>\n<tr>\n<td><strong>S\u00fcr\u00fcc\u00fc<\/strong><\/td>\n<td>12\u202fmm dinamik s\u00fcr\u00fcc\u00fc<\/td>\n<\/tr>\n<tr>\n<td><strong>Bluetooth Versiyonu<\/strong><\/td>\n<td>Bluetooth\u202f5.3<\/td>\n<\/tr>\n<tr>\n<td><strong>Ba\u011flant\u0131 Protokolleri<\/strong><\/td>\n<td>A2DP, AVRCP, HFP<\/td>\n<\/tr>\n<tr>\n<td><strong>Ses Gecikmesi (Low Latency)<\/strong><\/td>\n<td>Evet (d\u00fc\u015f\u00fck gecikmeli oyun modu)<\/td>\n<\/tr>\n<tr>\n<td><strong>\u00c7a\u011fr\u0131 G\u00fcr\u00fclt\u00fc Engelleme<\/strong><\/td>\n<td>AI tabanl\u0131 g\u00fcr\u00fclt\u00fc \u00f6nleme<\/td>\n<\/tr>\n<tr>\n<td><strong>Pil S\u00fcresi (Kulakl\u0131k)<\/strong><\/td>\n<td>Yakla\u015f\u0131k 5 saat m\u00fczik s\u00fcresi<\/td>\n<\/tr>\n<tr>\n<td><strong>Toplam Pil S\u00fcresi (Kutu ile)<\/strong><\/td>\n<td>Yakla\u015f\u0131k 20 saat<\/td>\n<\/tr>\n<tr>\n<td><strong>\u015earj S\u00fcresi (Kulakl\u0131k)<\/strong><\/td>\n<td>~90 dakika<\/td>\n<\/tr>\n<tr>\n<td><strong>\u015earj S\u00fcresi (Kutu)<\/strong><\/td>\n<td>~120 dakika<\/td>\n<\/tr>\n<tr>\n<td><strong>Pil Kapasitesi (Kulakl\u0131k)<\/strong><\/td>\n<td>~35\u202fmAh (kulakl\u0131klar), ~320\u202fmAh (\u015farj kutusu)<\/td>\n<\/tr>\n<tr>\n<td><strong>\u015earj Portu<\/strong><\/td>\n<td>USB\u2011C<\/td>\n<\/tr>\n<tr>\n<td><strong>Kablosuz Menzil<\/strong><\/td>\n<td>Yakla\u015f\u0131k 10\u202fm (a\u00e7\u0131k alanda)<\/td>\n<\/tr>\n<tr>\n<td><strong>Empedans<\/strong><\/td>\n<td>32\u202f\u03a9<\/td>\n<\/tr>\n<tr>\n<td><strong>A\u011f\u0131rl\u0131k (Tek Kulakl\u0131k)<\/strong><\/td>\n<td>~3.92\u202fg<\/td>\n<\/tr>\n<tr>\n<td><strong>Toplam A\u011f\u0131rl\u0131k (Kutuyla)<\/strong><\/td>\n<td>~35\u202fg<\/td>\n<\/tr>\n<tr>\n<td><strong>Boyutlar (Kulakl\u0131k)<\/strong><\/td>\n<td>~32.24 \u00d7 18.22 \u00d7 19.63\u202fmm<\/td>\n<\/tr>\n<tr>\n<td><strong>Su &amp; Toz Dayan\u0131kl\u0131l\u0131\u011f\u0131<\/strong><\/td>\n<td>IP54<\/td>\n<\/tr>\n<tr>\n<td><strong>Dokunmatik Kontroller<\/strong><\/td>\n<td>M\u00fczik kontrol, arama y\u00f6netimi, mod ge\u00e7i\u015fleri<\/td>\n<\/tr>\n<\/tbody>\n<\/table>\n","protected":false},"excerpt":{"rendered":"<p>Redmi\u202fBuds\u202f4\u202fLite, 12\u202fmm dinamik s\u00fcr\u00fcc\u00fcler, Bluetooth\u202f5.3 ba\u011flant\u0131s\u0131 ve AI destekli \u00e7a\u011fr\u0131 g\u00fcr\u00fclt\u00fc \u00f6nleme sistemi ile birle\u015ferek b\u00fct\u00e7e dostu ama etkili bir deneyim sunar. Yakla\u015f\u0131k 4\u202fg a\u011f\u0131rl\u0131\u011f\u0131nda ultra hafif kulakl\u0131klar, yar\u0131 kulak i\u00e7i tasar\u0131m\u0131 sayesinde uzun s\u00fcreli kulak kullan\u0131m\u0131nda bile rahats\u0131zl\u0131k vermez. Tek \u015farjla yakla\u015f\u0131k 5 saat m\u00fczik, \u015farj kutusuyla birlikte toplamda 20 saate kadar kullan\u0131m s\u00fcresi sa\u011flar. IP54 sertifikal\u0131 yap\u0131s\u0131yla toz ve s\u0131\u00e7ramalara kar\u015f\u0131 dayan\u0131kl\u0131d\u0131r. D\u00fc\u015f\u00fck gecikmeli oyun modu, dokunmatik kontrol ve USB\u2011C \u015farj deste\u011fi ile kullan\u0131c\u0131 dostu bir \u00fcr\u00fcn olarak \u00f6ne \u00e7\u0131k\u0131yor.<\/p>\n","protected":false},"featured_media":1349,"template":"","meta":{"_uag_custom_page_level_css":"","site-sidebar-layout":"default","site-content-layout":"","ast-site-content-layout":"default","site-content-style":"default","site-sidebar-style":"default","ast-global-header-display":"","ast-banner-title-visibility":"","ast-main-header-display":"","ast-hfb-above-header-display":"","ast-hfb-below-header-display":"","ast-hfb-mobile-header-display":"","site-post-title":"","ast-breadcrumbs-content":"","ast-featured-img":"","footer-sml-layout":"","theme-transparent-header-meta":"default","adv-header-id-meta":"","stick-header-meta":"","header-above-stick-meta":"","header-main-stick-meta":"","header-below-stick-meta":"","astra-migrate-meta-layouts":"set","ast-page-background-enabled":"default","ast-page-background-meta":{"desktop":{"background-color":"var(--ast-global-color-5)","background-image":"","background-repeat":"repeat","background-position":"center center","background-size":"auto","background-attachment":"scroll","background-type":"","background-media":"","overlay-type":"","overlay-color":"","overlay-opacity":"","overlay-gradient":""},"tablet":{"background-color":"","background-image":"","background-repeat":"repeat","background-position":"center center","background-size":"auto","background-attachment":"scroll","background-type":"","background-media":"","overlay-type":"","overlay-color":"","overlay-opacity":"","overlay-gradient":""},"mobile":{"background-color":"","background-image":"","background-repeat":"repeat","background-position":"center center","background-size":"auto","background-attachment":"scroll","background-type":"","background-media":"","overlay-type":"","overlay-color":"","overlay-opacity":"","overlay-gradient":""}},"ast-content-background-meta":{"desktop":{"background-color":"var(--ast-global-color-4)","background-image":"","background-repeat":"repeat","background-position":"center center","background-size":"auto","background-attachment":"scroll","background-type":"","background-media":"","overlay-type":"","overlay-color":"","overlay-opacity":"","overlay-gradient":""},"tablet":{"background-color":"var(--ast-global-color-4)","background-image":"","background-repeat":"repeat","background-position":"center center","background-size":"auto","background-attachment":"scroll","background-type":"","background-media":"","overlay-type":"","overlay-color":"","overlay-opacity":"","overlay-gradient":""},"mobile":{"background-color":"var(--ast-global-color-4)","background-image":"","background-repeat":"repeat","background-position":"center center","background-size":"auto","background-attachment":"scroll","background-type":"","background-media":"","overlay-type":"","overlay-color":"","overlay-opacity":"","overlay-gradient":""}}},"product_brand":[],"product_cat":[46],"product_tag":[],"class_list":{"0":"post-1346","1":"product","2":"type-product","3":"status-publish","4":"has-post-thumbnail","6":"product_cat-aksesuarlar","7":"desktop-align-left","8":"tablet-align-left","9":"mobile-align-left","11":"first","12":"instock","13":"taxable","14":"shipping-taxable","15":"purchasable","16":"product-type-simple"},"uagb_featured_image_src":{"full":["https:\/\/mtelturkey.com.tr\/wp-content\/uploads\/2025\/07\/Redmi-Buds-4-Lite.jpg",500,500,false],"thumbnail":["https:\/\/mtelturkey.com.tr\/wp-content\/uploads\/2025\/07\/Redmi-Buds-4-Lite-150x150.jpg",150,150,true],"medium":["https:\/\/mtelturkey.com.tr\/wp-content\/uploads\/2025\/07\/Redmi-Buds-4-Lite-300x300.jpg",300,300,true],"medium_large":["https:\/\/mtelturkey.com.tr\/wp-content\/uploads\/2025\/07\/Redmi-Buds-4-Lite.jpg",500,500,false],"large":["https:\/\/mtelturkey.com.tr\/wp-content\/uploads\/2025\/07\/Redmi-Buds-4-Lite.jpg",500,500,false],"1536x1536":["https:\/\/mtelturkey.com.tr\/wp-content\/uploads\/2025\/07\/Redmi-Buds-4-Lite.jpg",500,500,false],"2048x2048":["https:\/\/mtelturkey.com.tr\/wp-content\/uploads\/2025\/07\/Redmi-Buds-4-Lite.jpg",500,500,false],"woocommerce_thumbnail":["https:\/\/mtelturkey.com.tr\/wp-content\/uploads\/2025\/07\/Redmi-Buds-4-Lite-300x300.jpg",300,300,true],"woocommerce_single":["https:\/\/mtelturkey.com.tr\/wp-content\/uploads\/2025\/07\/Redmi-Buds-4-Lite.jpg",500,500,false],"woocommerce_gallery_thumbnail":["https:\/\/mtelturkey.com.tr\/wp-content\/uploads\/2025\/07\/Redmi-Buds-4-Lite-100x100.jpg",100,100,true]},"uagb_author_info":{"display_name":"Absolutewd","author_link":"https:\/\/mtelturkey.com.tr\/bs\/author\/"},"uagb_comment_info":0,"uagb_excerpt":"Redmi\u202fBuds\u202f4\u202fLite, 12\u202fmm dinamik s\u00fcr\u00fcc\u00fcler, Bluetooth\u202f5.3 ba\u011flant\u0131s\u0131 ve AI destekli \u00e7a\u011fr\u0131 g\u00fcr\u00fclt\u00fc \u00f6nleme sistemi ile birle\u015ferek b\u00fct\u00e7e dostu ama etkili bir deneyim sunar. Yakla\u015f\u0131k 4\u202fg a\u011f\u0131rl\u0131\u011f\u0131nda ultra hafif kulakl\u0131klar, yar\u0131 kulak i\u00e7i tasar\u0131m\u0131 sayesinde uzun s\u00fcreli kulak kullan\u0131m\u0131nda bile rahats\u0131zl\u0131k vermez. Tek \u015farjla yakla\u015f\u0131k 5 saat m\u00fczik, \u015farj kutusuyla birlikte toplamda 20 saate kadar kullan\u0131m s\u00fcresi&hellip;","_links":{"self":[{"href":"https:\/\/mtelturkey.com.tr\/bs\/wp-json\/wp\/v2\/product\/1346","targetHints":{"allow":["GET"]}}],"collection":[{"href":"https:\/\/mtelturkey.com.tr\/bs\/wp-json\/wp\/v2\/product"}],"about":[{"href":"https:\/\/mtelturkey.com.tr\/bs\/wp-json\/wp\/v2\/types\/product"}],"wp:featuredmedia":[{"embeddable":true,"href":"https:\/\/mtelturkey.com.tr\/bs\/wp-json\/wp\/v2\/media\/1349"}],"wp:attachment":[{"href":"https:\/\/mtelturkey.com.tr\/bs\/wp-json\/wp\/v2\/media?parent=1346"}],"wp:term":[{"taxonomy":"product_brand","embeddable":true,"href":"https:\/\/mtelturkey.com.tr\/bs\/wp-json\/wp\/v2\/product_brand?post=1346"},{"taxonomy":"product_cat","embeddable":true,"href":"https:\/\/mtelturkey.com.tr\/bs\/wp-json\/wp\/v2\/product_cat?post=1346"},{"taxonomy":"product_tag","embeddable":true,"href":"https:\/\/mtelturkey.com.tr\/bs\/wp-json\/wp\/v2\/product_tag?post=1346"}],"curies":[{"name":"wp","href":"https:\/\/api.w.org\/{rel}","templated":true}]}}