{"id":1363,"date":"2025-07-31T15:58:23","date_gmt":"2025-07-31T12:58:23","guid":{"rendered":"https:\/\/mtelturkey.com.tr\/?post_type=product&#038;p=1363"},"modified":"2025-07-31T16:00:32","modified_gmt":"2025-07-31T13:00:32","slug":"redmi-buds-6-lite","status":"publish","type":"product","link":"https:\/\/mtelturkey.com.tr\/bs\/product\/redmi-buds-6-lite\/","title":{"rendered":"Redmi Buds 6 Lite"},"content":{"rendered":"<table>\n<thead>\n<tr>\n<th>\u00d6zellik<\/th>\n<th>A\u00e7\u0131klama<\/th>\n<\/tr>\n<\/thead>\n<tbody>\n<tr>\n<td><strong>Model<\/strong><\/td>\n<td>Redmi Buds\u202f6\u202fLite<\/td>\n<\/tr>\n<tr>\n<td><strong>Bluetooth Versiyonu<\/strong><\/td>\n<td>Bluetooth\u202f5.3<\/td>\n<\/tr>\n<tr>\n<td><strong>S\u00fcr\u00fcc\u00fc<\/strong><\/td>\n<td>12.4\u202fmm titanyum diyafram s\u00fcr\u00fcc\u00fc<\/td>\n<\/tr>\n<tr>\n<td><strong>Aktif G\u00fcr\u00fclt\u00fc Engelleme (ANC)<\/strong><\/td>\n<td>Hibrid ANC, ~40\u202fdB geni\u015f frekansl\u0131 etkinlik<\/td>\n<\/tr>\n<tr>\n<td><strong>Microfon Teknolojisi<\/strong><\/td>\n<td>\u00c7ift mikrofon + AI tabanl\u0131 g\u00fcr\u00fclt\u00fc azaltma<\/td>\n<\/tr>\n<tr>\n<td><strong>Pil S\u00fcresi (Kulakl\u0131k)<\/strong><\/td>\n<td>Tek \u015farjla ~7 saat m\u00fczik \u00e7alma<\/td>\n<\/tr>\n<tr>\n<td><strong>Toplam Pil S\u00fcresi (Kutu ile)<\/strong><\/td>\n<td>~38 saat m\u00fczik s\u00fcresi<\/td>\n<\/tr>\n<tr>\n<td><strong>H\u0131zl\u0131 \u015earj \u00d6zelli\u011fi<\/strong><\/td>\n<td>10 dakikal\u0131k \u015farj ile ~2 saat kullan\u0131m<\/td>\n<\/tr>\n<tr>\n<td><strong>Kablosuz Menzil<\/strong><\/td>\n<td>~10\u202fm a\u00e7\u0131k alanda (Bluetooth ba\u011flant\u0131s\u0131)<\/td>\n<\/tr>\n<tr>\n<td><strong>Empedans<\/strong><\/td>\n<td>~32\u202f\u03a9<\/td>\n<\/tr>\n<tr>\n<td><strong>ADB &amp; Su Dayan\u0131kl\u0131l\u0131\u011f\u0131<\/strong><\/td>\n<td>IP54 (toz ve s\u0131\u00e7rama korumal\u0131)<\/td>\n<\/tr>\n<tr>\n<td><strong>Kulakl\u0131k A\u011f\u0131rl\u0131\u011f\u0131<\/strong><\/td>\n<td>~4.2\u202fg (\u00b1\u202f0.2\u202fg)<\/td>\n<\/tr>\n<tr>\n<td><strong>Kutu A\u011f\u0131rl\u0131\u011f\u0131<\/strong><\/td>\n<td>~38.5\u202fg (\u00b1\u202f1\u202fg) (toplam ~47\u202fg)<\/td>\n<\/tr>\n<tr>\n<td><strong>Boyutlar (Kulakl\u0131k)<\/strong><\/td>\n<td>~31 \u00d7 21.4 \u00d7 23.45\u202fmm<\/td>\n<\/tr>\n<tr>\n<td><strong>Boyutlar (\u015earj Kutusu)<\/strong><\/td>\n<td>~57 \u00d7 55.95 \u00d7 26.85\u202fmm<\/td>\n<\/tr>\n<tr>\n<td><strong>\u015earj Portu<\/strong><\/td>\n<td>USB\u2011C<\/td>\n<\/tr>\n<\/tbody>\n<\/table>\n","protected":false},"excerpt":{"rendered":"<p>Redmi Buds\u202f6\u202fLite, 12.4\u202fmm titanyum diyaframl\u0131 s\u00fcr\u00fcc\u00fcler, Bluetooth\u202f5.3 ba\u011flant\u0131s\u0131 ve AI destekli \u00e7ift mikrofon ile donat\u0131lm\u0131\u015f uygun fiyatl\u0131 true wireless kulakl\u0131klard\u0131r. Hibrid ANC \u00f6zelli\u011fiyle 40 dB'e kadar g\u00fcr\u00fclt\u00fc engeller ve Bluetooth ba\u011flant\u0131s\u0131 a\u00e7\u0131k alanda yakla\u015f\u0131k 10 m mesafe sunar. Tek \u015farjla yakla\u015f\u0131k 7 saat m\u00fczik \u00e7alma s\u00fcresi sunarken \u015farj kutusuyla bu s\u00fcre 38 saate kadar \u00e7\u0131kabilir. Dokunmatik kontroller, h\u0131zl\u0131 USB\u2011C \u015farj ve renkli se\u00e7eneklerle kullan\u0131c\u0131 dostu ve hafif (~4.2\u202fg) bir deneyim sunar.<\/p>\n","protected":false},"featured_media":1366,"template":"","meta":{"_uag_custom_page_level_css":"","site-sidebar-layout":"default","site-content-layout":"","ast-site-content-layout":"default","site-content-style":"default","site-sidebar-style":"default","ast-global-header-display":"","ast-banner-title-visibility":"","ast-main-header-display":"","ast-hfb-above-header-display":"","ast-hfb-below-header-display":"","ast-hfb-mobile-header-display":"","site-post-title":"","ast-breadcrumbs-content":"","ast-featured-img":"","footer-sml-layout":"","theme-transparent-header-meta":"default","adv-header-id-meta":"","stick-header-meta":"","header-above-stick-meta":"","header-main-stick-meta":"","header-below-stick-meta":"","astra-migrate-meta-layouts":"set","ast-page-background-enabled":"default","ast-page-background-meta":{"desktop":{"background-color":"var(--ast-global-color-5)","background-image":"","background-repeat":"repeat","background-position":"center center","background-size":"auto","background-attachment":"scroll","background-type":"","background-media":"","overlay-type":"","overlay-color":"","overlay-opacity":"","overlay-gradient":""},"tablet":{"background-color":"","background-image":"","background-repeat":"repeat","background-position":"center center","background-size":"auto","background-attachment":"scroll","background-type":"","background-media":"","overlay-type":"","overlay-color":"","overlay-opacity":"","overlay-gradient":""},"mobile":{"background-color":"","background-image":"","background-repeat":"repeat","background-position":"center center","background-size":"auto","background-attachment":"scroll","background-type":"","background-media":"","overlay-type":"","overlay-color":"","overlay-opacity":"","overlay-gradient":""}},"ast-content-background-meta":{"desktop":{"background-color":"var(--ast-global-color-4)","background-image":"","background-repeat":"repeat","background-position":"center center","background-size":"auto","background-attachment":"scroll","background-type":"","background-media":"","overlay-type":"","overlay-color":"","overlay-opacity":"","overlay-gradient":""},"tablet":{"background-color":"var(--ast-global-color-4)","background-image":"","background-repeat":"repeat","background-position":"center center","background-size":"auto","background-attachment":"scroll","background-type":"","background-media":"","overlay-type":"","overlay-color":"","overlay-opacity":"","overlay-gradient":""},"mobile":{"background-color":"var(--ast-global-color-4)","background-image":"","background-repeat":"repeat","background-position":"center center","background-size":"auto","background-attachment":"scroll","background-type":"","background-media":"","overlay-type":"","overlay-color":"","overlay-opacity":"","overlay-gradient":""}}},"product_brand":[],"product_cat":[46],"product_tag":[],"class_list":{"0":"post-1363","1":"product","2":"type-product","3":"status-publish","4":"has-post-thumbnail","6":"product_cat-aksesuarlar","7":"desktop-align-left","8":"tablet-align-left","9":"mobile-align-left","11":"first","12":"instock","13":"taxable","14":"shipping-taxable","15":"purchasable","16":"product-type-simple"},"uagb_featured_image_src":{"full":["https:\/\/mtelturkey.com.tr\/wp-content\/uploads\/2025\/07\/Redmi-Buds-6-Lite-2.jpg",705,705,false],"thumbnail":["https:\/\/mtelturkey.com.tr\/wp-content\/uploads\/2025\/07\/Redmi-Buds-6-Lite-2-150x150.jpg",150,150,true],"medium":["https:\/\/mtelturkey.com.tr\/wp-content\/uploads\/2025\/07\/Redmi-Buds-6-Lite-2-300x300.jpg",300,300,true],"medium_large":["https:\/\/mtelturkey.com.tr\/wp-content\/uploads\/2025\/07\/Redmi-Buds-6-Lite-2.jpg",705,705,false],"large":["https:\/\/mtelturkey.com.tr\/wp-content\/uploads\/2025\/07\/Redmi-Buds-6-Lite-2.jpg",705,705,false],"1536x1536":["https:\/\/mtelturkey.com.tr\/wp-content\/uploads\/2025\/07\/Redmi-Buds-6-Lite-2.jpg",705,705,false],"2048x2048":["https:\/\/mtelturkey.com.tr\/wp-content\/uploads\/2025\/07\/Redmi-Buds-6-Lite-2.jpg",705,705,false],"woocommerce_thumbnail":["https:\/\/mtelturkey.com.tr\/wp-content\/uploads\/2025\/07\/Redmi-Buds-6-Lite-2-300x300.jpg",300,300,true],"woocommerce_single":["https:\/\/mtelturkey.com.tr\/wp-content\/uploads\/2025\/07\/Redmi-Buds-6-Lite-2-600x600.jpg",600,600,true],"woocommerce_gallery_thumbnail":["https:\/\/mtelturkey.com.tr\/wp-content\/uploads\/2025\/07\/Redmi-Buds-6-Lite-2-100x100.jpg",100,100,true]},"uagb_author_info":{"display_name":"Absolutewd","author_link":"https:\/\/mtelturkey.com.tr\/bs\/author\/"},"uagb_comment_info":0,"uagb_excerpt":"Redmi Buds\u202f6\u202fLite, 12.4\u202fmm titanyum diyaframl\u0131 s\u00fcr\u00fcc\u00fcler, Bluetooth\u202f5.3 ba\u011flant\u0131s\u0131 ve AI destekli \u00e7ift mikrofon ile donat\u0131lm\u0131\u015f uygun fiyatl\u0131 true wireless kulakl\u0131klard\u0131r. Hibrid ANC \u00f6zelli\u011fiyle 40 dB'e kadar g\u00fcr\u00fclt\u00fc engeller ve Bluetooth ba\u011flant\u0131s\u0131 a\u00e7\u0131k alanda yakla\u015f\u0131k 10 m mesafe sunar. Tek \u015farjla yakla\u015f\u0131k 7 saat m\u00fczik \u00e7alma s\u00fcresi sunarken \u015farj kutusuyla bu s\u00fcre 38 saate kadar \u00e7\u0131kabilir.&hellip;","_links":{"self":[{"href":"https:\/\/mtelturkey.com.tr\/bs\/wp-json\/wp\/v2\/product\/1363","targetHints":{"allow":["GET"]}}],"collection":[{"href":"https:\/\/mtelturkey.com.tr\/bs\/wp-json\/wp\/v2\/product"}],"about":[{"href":"https:\/\/mtelturkey.com.tr\/bs\/wp-json\/wp\/v2\/types\/product"}],"wp:featuredmedia":[{"embeddable":true,"href":"https:\/\/mtelturkey.com.tr\/bs\/wp-json\/wp\/v2\/media\/1366"}],"wp:attachment":[{"href":"https:\/\/mtelturkey.com.tr\/bs\/wp-json\/wp\/v2\/media?parent=1363"}],"wp:term":[{"taxonomy":"product_brand","embeddable":true,"href":"https:\/\/mtelturkey.com.tr\/bs\/wp-json\/wp\/v2\/product_brand?post=1363"},{"taxonomy":"product_cat","embeddable":true,"href":"https:\/\/mtelturkey.com.tr\/bs\/wp-json\/wp\/v2\/product_cat?post=1363"},{"taxonomy":"product_tag","embeddable":true,"href":"https:\/\/mtelturkey.com.tr\/bs\/wp-json\/wp\/v2\/product_tag?post=1363"}],"curies":[{"name":"wp","href":"https:\/\/api.w.org\/{rel}","templated":true}]}}