{"id":1384,"date":"2025-07-31T18:56:17","date_gmt":"2025-07-31T15:56:17","guid":{"rendered":"https:\/\/mtelturkey.com.tr\/?post_type=product&#038;p=1384"},"modified":"2025-07-31T19:00:36","modified_gmt":"2025-07-31T16:00:36","slug":"redmi-buds-6-pro","status":"publish","type":"product","link":"https:\/\/mtelturkey.com.tr\/bs\/product\/redmi-buds-6-pro\/","title":{"rendered":"Redmi Buds 6 Pro"},"content":{"rendered":"<table>\n<thead>\n<tr>\n<th>\u00d6zellik<\/th>\n<th>A\u00e7\u0131klama<\/th>\n<\/tr>\n<\/thead>\n<tbody>\n<tr>\n<td><strong>Model<\/strong><\/td>\n<td>Redmi Buds\u202f6\u202fPro \u2013 Space Black<\/td>\n<\/tr>\n<tr>\n<td><strong>Bluetooth Versiyonu<\/strong><\/td>\n<td>Bluetooth\u202f5.3<\/td>\n<\/tr>\n<tr>\n<td><strong>Ses S\u00fcr\u00fcc\u00fcleri<\/strong><\/td>\n<td>Triple koaksiyel: 11\u202fmm titanyum bas + 2 \u00d7\u202f6.7\u202fmm tweeter<\/td>\n<\/tr>\n<tr>\n<td><strong>Codec Deste\u011fi<\/strong><\/td>\n<td>LDAC (Hi\u2011Res Audio Wireless), AAC, SBC<\/td>\n<\/tr>\n<tr>\n<td><strong>ANC (Aktif G\u00fcr\u00fclt\u00fc Engelleme)<\/strong><\/td>\n<td>\u00c7ok seviyeli, maksimum 55\u202fdB ANC<\/td>\n<\/tr>\n<tr>\n<td><strong>Transparency Modlar\u0131<\/strong><\/td>\n<td>3 modlu d\u0131\u015f ses (ambient) modu<\/td>\n<\/tr>\n<tr>\n<td><strong>\u00c7a\u011fr\u0131 G\u00fcr\u00fclt\u00fc Engelleme<\/strong><\/td>\n<td>3 AI mikrofon + 12\u202fm\/s r\u00fczg\u00e2r g\u00fcr\u00fclt\u00fcs\u00fc engelleme<\/td>\n<\/tr>\n<tr>\n<td><strong>3D Ses &amp; Ba\u015f Takibi<\/strong><\/td>\n<td>Evet \u2014 hareketle ses y\u00f6nlendirmesi<\/td>\n<\/tr>\n<tr>\n<td><strong>Pil Kapasiteleri<\/strong><\/td>\n<td>Kulakl\u0131k: 54\u202fmAh; \u015earj Kutusu: 480\u202fmAh<\/td>\n<\/tr>\n<tr>\n<td><strong>Pil S\u00fcresi (ANC Kapal\u0131)<\/strong><\/td>\n<td>~9 saat kulakl\u0131k; toplam ~36\u201337 saat<\/td>\n<\/tr>\n<tr>\n<td><strong>H\u0131zl\u0131 \u015earj<\/strong><\/td>\n<td>10 dakikada ~2 saat \u00e7alma s\u00fcresi<\/td>\n<\/tr>\n<tr>\n<td><strong>Kablosuz Menzil<\/strong><\/td>\n<td>~10\u202fm (engel olmayan a\u00e7\u0131k ortam)<\/td>\n<\/tr>\n<tr>\n<td><strong>Tasar\u0131msal A\u011f\u0131rl\u0131k<\/strong><\/td>\n<td>Kulakl\u0131k: ~5.2\u202fg; Kutu: ~36.1\u202fg; Toplam: ~46.5\u202fg<\/td>\n<\/tr>\n<tr>\n<td><strong>Boyutlar<\/strong><\/td>\n<td>Kulakl\u0131k: 30.6 \u00d7 21.4 \u00d7 24.5\u202fmm;Kutu: 61.05 \u00d7 48.28 \u00d7 25.17\u202fmm<\/td>\n<\/tr>\n<tr>\n<td><strong>Ba\u011flant\u0131 &amp; H\u0131zl\u0131 E\u015fle\u015fme<\/strong><\/td>\n<td>Google Fast Pair + Xiaomi Earbuds uygulamas\u0131 deste\u011fi<\/td>\n<\/tr>\n<tr>\n<td><strong>Su &amp; Toz Korumas\u0131<\/strong><\/td>\n<td>IP54 \u2013 toz ve su s\u0131\u00e7ramalar\u0131na kar\u015f\u0131<\/td>\n<\/tr>\n<tr>\n<td><strong>Kontrol Paneli<\/strong><\/td>\n<td>Dokunmatik; oynatma, \u00e7a\u011fr\u0131, ANC kontrol\u00fc, ses ayar\u0131<\/td>\n<\/tr>\n<\/tbody>\n<\/table>\n","protected":false},"excerpt":{"rendered":"<p>Redmi Buds\u202f6\u202fPro, y\u00fcksek performansl\u0131 triple koaksiyel s\u00fcr\u00fcc\u00fcler (11\u202fmm titanyum diyafram + 2 \u00d7\u202f6.7\u202fmm piezoelektrik tweeter), Bluetooth\u202f5.3 ba\u011flant\u0131s\u0131 ve Hi\u2011Res Audio Wireless (LDAC) deste\u011fiyle etkileyici bir ses deneyimi sunar. \u00c7ok seviyeli ANC (55\u202fdB\u2019e kadar), 3 AI mikrofonlu \u00e7a\u011fr\u0131 g\u00fcr\u00fclt\u00fc engelleme ve ba\u015f takibiyle 3D ses i\u015flevi, \u00f6zellikle \u00e7ok y\u00f6nl\u00fc kullan\u0131m i\u00e7in tasarlanm\u0131\u015f. Pil s\u00fcresi ANC kapal\u0131yken kulakl\u0131kta ~9 saat, kutuyla birlikte ~36\u201337 saate ula\u015f\u0131r. Cihaz Google Fast Pair uyumlu olup USB\u2011C h\u0131zl\u0131 \u015farj deste\u011fi vard\u0131r. IP54 sertifikal\u0131 dayan\u0131kl\u0131 yap\u0131s\u0131 ile de \u00f6ne \u00e7\u0131kar.<\/p>\n","protected":false},"featured_media":1395,"template":"","meta":{"_uag_custom_page_level_css":"","site-sidebar-layout":"default","site-content-layout":"","ast-site-content-layout":"default","site-content-style":"default","site-sidebar-style":"default","ast-global-header-display":"","ast-banner-title-visibility":"","ast-main-header-display":"","ast-hfb-above-header-display":"","ast-hfb-below-header-display":"","ast-hfb-mobile-header-display":"","site-post-title":"","ast-breadcrumbs-content":"","ast-featured-img":"","footer-sml-layout":"","theme-transparent-header-meta":"default","adv-header-id-meta":"","stick-header-meta":"","header-above-stick-meta":"","header-main-stick-meta":"","header-below-stick-meta":"","astra-migrate-meta-layouts":"set","ast-page-background-enabled":"default","ast-page-background-meta":{"desktop":{"background-color":"var(--ast-global-color-5)","background-image":"","background-repeat":"repeat","background-position":"center center","background-size":"auto","background-attachment":"scroll","background-type":"","background-media":"","overlay-type":"","overlay-color":"","overlay-opacity":"","overlay-gradient":""},"tablet":{"background-color":"","background-image":"","background-repeat":"repeat","background-position":"center center","background-size":"auto","background-attachment":"scroll","background-type":"","background-media":"","overlay-type":"","overlay-color":"","overlay-opacity":"","overlay-gradient":""},"mobile":{"background-color":"","background-image":"","background-repeat":"repeat","background-position":"center center","background-size":"auto","background-attachment":"scroll","background-type":"","background-media":"","overlay-type":"","overlay-color":"","overlay-opacity":"","overlay-gradient":""}},"ast-content-background-meta":{"desktop":{"background-color":"var(--ast-global-color-4)","background-image":"","background-repeat":"repeat","background-position":"center center","background-size":"auto","background-attachment":"scroll","background-type":"","background-media":"","overlay-type":"","overlay-color":"","overlay-opacity":"","overlay-gradient":""},"tablet":{"background-color":"var(--ast-global-color-4)","background-image":"","background-repeat":"repeat","background-position":"center center","background-size":"auto","background-attachment":"scroll","background-type":"","background-media":"","overlay-type":"","overlay-color":"","overlay-opacity":"","overlay-gradient":""},"mobile":{"background-color":"var(--ast-global-color-4)","background-image":"","background-repeat":"repeat","background-position":"center center","background-size":"auto","background-attachment":"scroll","background-type":"","background-media":"","overlay-type":"","overlay-color":"","overlay-opacity":"","overlay-gradient":""}}},"product_brand":[],"product_cat":[46],"product_tag":[],"class_list":{"0":"post-1384","1":"product","2":"type-product","3":"status-publish","4":"has-post-thumbnail","6":"product_cat-aksesuarlar","7":"desktop-align-left","8":"tablet-align-left","9":"mobile-align-left","11":"first","12":"instock","13":"taxable","14":"shipping-taxable","15":"purchasable","16":"product-type-simple"},"uagb_featured_image_src":{"full":["https:\/\/mtelturkey.com.tr\/wp-content\/uploads\/2025\/07\/Redmi-Buds-6-Pro-2-ljubicaste.jpg",705,705,false],"thumbnail":["https:\/\/mtelturkey.com.tr\/wp-content\/uploads\/2025\/07\/Redmi-Buds-6-Pro-2-ljubicaste-150x150.jpg",150,150,true],"medium":["https:\/\/mtelturkey.com.tr\/wp-content\/uploads\/2025\/07\/Redmi-Buds-6-Pro-2-ljubicaste-300x300.jpg",300,300,true],"medium_large":["https:\/\/mtelturkey.com.tr\/wp-content\/uploads\/2025\/07\/Redmi-Buds-6-Pro-2-ljubicaste.jpg",705,705,false],"large":["https:\/\/mtelturkey.com.tr\/wp-content\/uploads\/2025\/07\/Redmi-Buds-6-Pro-2-ljubicaste.jpg",705,705,false],"1536x1536":["https:\/\/mtelturkey.com.tr\/wp-content\/uploads\/2025\/07\/Redmi-Buds-6-Pro-2-ljubicaste.jpg",705,705,false],"2048x2048":["https:\/\/mtelturkey.com.tr\/wp-content\/uploads\/2025\/07\/Redmi-Buds-6-Pro-2-ljubicaste.jpg",705,705,false],"woocommerce_thumbnail":["https:\/\/mtelturkey.com.tr\/wp-content\/uploads\/2025\/07\/Redmi-Buds-6-Pro-2-ljubicaste-300x300.jpg",300,300,true],"woocommerce_single":["https:\/\/mtelturkey.com.tr\/wp-content\/uploads\/2025\/07\/Redmi-Buds-6-Pro-2-ljubicaste-600x600.jpg",600,600,true],"woocommerce_gallery_thumbnail":["https:\/\/mtelturkey.com.tr\/wp-content\/uploads\/2025\/07\/Redmi-Buds-6-Pro-2-ljubicaste-100x100.jpg",100,100,true]},"uagb_author_info":{"display_name":"Absolutewd","author_link":"https:\/\/mtelturkey.com.tr\/bs\/author\/"},"uagb_comment_info":0,"uagb_excerpt":"Redmi Buds\u202f6\u202fPro, y\u00fcksek performansl\u0131 triple koaksiyel s\u00fcr\u00fcc\u00fcler (11\u202fmm titanyum diyafram + 2 \u00d7\u202f6.7\u202fmm piezoelektrik tweeter), Bluetooth\u202f5.3 ba\u011flant\u0131s\u0131 ve Hi\u2011Res Audio Wireless (LDAC) deste\u011fiyle etkileyici bir ses deneyimi sunar. \u00c7ok seviyeli ANC (55\u202fdB\u2019e kadar), 3 AI mikrofonlu \u00e7a\u011fr\u0131 g\u00fcr\u00fclt\u00fc engelleme ve ba\u015f takibiyle 3D ses i\u015flevi, \u00f6zellikle \u00e7ok y\u00f6nl\u00fc kullan\u0131m i\u00e7in tasarlanm\u0131\u015f. Pil s\u00fcresi ANC kapal\u0131yken&hellip;","_links":{"self":[{"href":"https:\/\/mtelturkey.com.tr\/bs\/wp-json\/wp\/v2\/product\/1384","targetHints":{"allow":["GET"]}}],"collection":[{"href":"https:\/\/mtelturkey.com.tr\/bs\/wp-json\/wp\/v2\/product"}],"about":[{"href":"https:\/\/mtelturkey.com.tr\/bs\/wp-json\/wp\/v2\/types\/product"}],"wp:featuredmedia":[{"embeddable":true,"href":"https:\/\/mtelturkey.com.tr\/bs\/wp-json\/wp\/v2\/media\/1395"}],"wp:attachment":[{"href":"https:\/\/mtelturkey.com.tr\/bs\/wp-json\/wp\/v2\/media?parent=1384"}],"wp:term":[{"taxonomy":"product_brand","embeddable":true,"href":"https:\/\/mtelturkey.com.tr\/bs\/wp-json\/wp\/v2\/product_brand?post=1384"},{"taxonomy":"product_cat","embeddable":true,"href":"https:\/\/mtelturkey.com.tr\/bs\/wp-json\/wp\/v2\/product_cat?post=1384"},{"taxonomy":"product_tag","embeddable":true,"href":"https:\/\/mtelturkey.com.tr\/bs\/wp-json\/wp\/v2\/product_tag?post=1384"}],"curies":[{"name":"wp","href":"https:\/\/api.w.org\/{rel}","templated":true}]}}