{"id":1435,"date":"2025-07-31T19:45:12","date_gmt":"2025-07-31T16:45:12","guid":{"rendered":"https:\/\/mtelturkey.com.tr\/?post_type=product&#038;p=1435"},"modified":"2025-07-31T19:52:33","modified_gmt":"2025-07-31T16:52:33","slug":"redmi-smart-band-2","status":"publish","type":"product","link":"https:\/\/mtelturkey.com.tr\/bs\/product\/redmi-smart-band-2\/","title":{"rendered":"Redmi Smart Band 2"},"content":{"rendered":"<table>\n<thead>\n<tr>\n<th>\u00d6zellik<\/th>\n<th>A\u00e7\u0131klama<\/th>\n<\/tr>\n<\/thead>\n<tbody>\n<tr>\n<td><strong>Model<\/strong><\/td>\n<td>Redmi Smart Band\u202f2<\/td>\n<\/tr>\n<tr>\n<td><strong>Ekran<\/strong><\/td>\n<td>1.47\u2033 TFT dokunmatik, 172\u202f\u00d7\u202f320 px, ~247\u202fppi<\/td>\n<\/tr>\n<tr>\n<td><strong>Suya Dayan\u0131kl\u0131l\u0131k<\/strong><\/td>\n<td>5ATM \u2013 y\u00fczme ve su s\u0131\u00e7ramalar\u0131na kar\u015f\u0131 dayan\u0131kl\u0131<\/td>\n<\/tr>\n<tr>\n<td><strong>A\u011f\u0131rl\u0131k (kordon hari\u00e7)<\/strong><\/td>\n<td>~14.9\u202fg<\/td>\n<\/tr>\n<tr>\n<td><strong>G\u00f6vdeden Kal\u0131nl\u0131k<\/strong><\/td>\n<td>~9.99\u202fmm<\/td>\n<\/tr>\n<tr>\n<td><strong>Pil Kapasitesi<\/strong><\/td>\n<td>~210\u202fmAh Li-ion, manyetik \u015farj<\/td>\n<\/tr>\n<tr>\n<td><strong>Pil \u00d6mr\u00fc<\/strong><\/td>\n<td>Tipik kullan\u0131mda ~14 g\u00fcn; yo\u011fun kullan\u0131mda ~6 g\u00fcn<\/td>\n<\/tr>\n<tr>\n<td><strong>Ba\u011flant\u0131<\/strong><\/td>\n<td>Bluetooth\u202f5.1 BLE; Android\u202f6.0+ ve iOS\u202f12+ uyumlu<\/td>\n<\/tr>\n<tr>\n<td><strong>Spor Modlar\u0131<\/strong><\/td>\n<td>30+ egzersiz modu (ko\u015fu, y\u00fczme, yoga, bisiklet vb.)<\/td>\n<\/tr>\n<tr>\n<td><strong>Sa\u011fl\u0131k Takibi<\/strong><\/td>\n<td>24\/7 nab\u0131z; SpO\u2082 (oksijen); stres; uyku izleme<\/td>\n<\/tr>\n<tr>\n<td><strong>Kad\u0131n Sa\u011fl\u0131\u011f\u0131 Takibi<\/strong><\/td>\n<td>Var<\/td>\n<\/tr>\n<tr>\n<td><strong>M\u00fczik Kontrol\u00fc<\/strong><\/td>\n<td>Evet<\/td>\n<\/tr>\n<tr>\n<td><strong>Di\u011fer \u00d6zellikler<\/strong><\/td>\n<td>Bildirim g\u00f6sterimi, kamera kontrol\u00fc, hat\u0131rlat\u0131c\u0131lar,<\/td>\n<\/tr>\n<tr>\n<td><\/td>\n<td>Kronometre, hava durumu, telefon bulma, alarm, vb.<\/td>\n<\/tr>\n<\/tbody>\n<\/table>\n","protected":false},"excerpt":{"rendered":"<p>Redmi Smart Band\u202f2, <strong data-start=\"20\" data-end=\"46\">1.47\u2033 renkli TFT ekran<\/strong>, ultra ince 9.99\u202fmm g\u00f6vde ve yaln\u0131zca ~14.9\u202fg a\u011f\u0131rl\u0131\u011f\u0131yla \u015f\u0131k ve g\u00fcnl\u00fck kullan\u0131m i\u00e7in m\u00fckemmel bir fitness bilekli\u011fi olarak \u00f6ne \u00e7\u0131k\u0131yor. <strong data-start=\"184\" data-end=\"207\">5ATM su ge\u00e7irmezlik<\/strong>, 30\u2019dan fazla spor modu, <strong data-start=\"233\" data-end=\"241\">SpO\u2082<\/strong>, kalp at\u0131\u015f\u0131 ve uyku takibi gibi sa\u011fl\u0131k izleme \u00f6zellikleriyle g\u00fc\u00e7l\u00fc bir performans sunar. <strong data-start=\"331\" data-end=\"357\">14 g\u00fcne kadar pil \u00f6mr\u00fc<\/strong> ve <strong data-start=\"361\" data-end=\"375\">Mi Fitness<\/strong> uygulamas\u0131yla Android\/iOS cihazlarla tam senkronize \u00e7al\u0131\u015f\u0131r<\/p>\n","protected":false},"featured_media":1436,"template":"","meta":{"_uag_custom_page_level_css":"","site-sidebar-layout":"default","site-content-layout":"","ast-site-content-layout":"default","site-content-style":"default","site-sidebar-style":"default","ast-global-header-display":"","ast-banner-title-visibility":"","ast-main-header-display":"","ast-hfb-above-header-display":"","ast-hfb-below-header-display":"","ast-hfb-mobile-header-display":"","site-post-title":"","ast-breadcrumbs-content":"","ast-featured-img":"","footer-sml-layout":"","theme-transparent-header-meta":"default","adv-header-id-meta":"","stick-header-meta":"","header-above-stick-meta":"","header-main-stick-meta":"","header-below-stick-meta":"","astra-migrate-meta-layouts":"set","ast-page-background-enabled":"default","ast-page-background-meta":{"desktop":{"background-color":"var(--ast-global-color-5)","background-image":"","background-repeat":"repeat","background-position":"center center","background-size":"auto","background-attachment":"scroll","background-type":"","background-media":"","overlay-type":"","overlay-color":"","overlay-opacity":"","overlay-gradient":""},"tablet":{"background-color":"","background-image":"","background-repeat":"repeat","background-position":"center center","background-size":"auto","background-attachment":"scroll","background-type":"","background-media":"","overlay-type":"","overlay-color":"","overlay-opacity":"","overlay-gradient":""},"mobile":{"background-color":"","background-image":"","background-repeat":"repeat","background-position":"center center","background-size":"auto","background-attachment":"scroll","background-type":"","background-media":"","overlay-type":"","overlay-color":"","overlay-opacity":"","overlay-gradient":""}},"ast-content-background-meta":{"desktop":{"background-color":"var(--ast-global-color-4)","background-image":"","background-repeat":"repeat","background-position":"center center","background-size":"auto","background-attachment":"scroll","background-type":"","background-media":"","overlay-type":"","overlay-color":"","overlay-opacity":"","overlay-gradient":""},"tablet":{"background-color":"var(--ast-global-color-4)","background-image":"","background-repeat":"repeat","background-position":"center center","background-size":"auto","background-attachment":"scroll","background-type":"","background-media":"","overlay-type":"","overlay-color":"","overlay-opacity":"","overlay-gradient":""},"mobile":{"background-color":"var(--ast-global-color-4)","background-image":"","background-repeat":"repeat","background-position":"center center","background-size":"auto","background-attachment":"scroll","background-type":"","background-media":"","overlay-type":"","overlay-color":"","overlay-opacity":"","overlay-gradient":""}}},"product_brand":[],"product_cat":[46],"product_tag":[],"class_list":{"0":"post-1435","1":"product","2":"type-product","3":"status-publish","4":"has-post-thumbnail","6":"product_cat-aksesuarlar","7":"desktop-align-left","8":"tablet-align-left","9":"mobile-align-left","11":"first","12":"instock","13":"taxable","14":"shipping-taxable","15":"purchasable","16":"product-type-simple"},"uagb_featured_image_src":{"full":["https:\/\/mtelturkey.com.tr\/wp-content\/uploads\/2025\/07\/Redmi-Smart-Band-2.jpg",705,705,false],"thumbnail":["https:\/\/mtelturkey.com.tr\/wp-content\/uploads\/2025\/07\/Redmi-Smart-Band-2-150x150.jpg",150,150,true],"medium":["https:\/\/mtelturkey.com.tr\/wp-content\/uploads\/2025\/07\/Redmi-Smart-Band-2-300x300.jpg",300,300,true],"medium_large":["https:\/\/mtelturkey.com.tr\/wp-content\/uploads\/2025\/07\/Redmi-Smart-Band-2.jpg",705,705,false],"large":["https:\/\/mtelturkey.com.tr\/wp-content\/uploads\/2025\/07\/Redmi-Smart-Band-2.jpg",705,705,false],"1536x1536":["https:\/\/mtelturkey.com.tr\/wp-content\/uploads\/2025\/07\/Redmi-Smart-Band-2.jpg",705,705,false],"2048x2048":["https:\/\/mtelturkey.com.tr\/wp-content\/uploads\/2025\/07\/Redmi-Smart-Band-2.jpg",705,705,false],"woocommerce_thumbnail":["https:\/\/mtelturkey.com.tr\/wp-content\/uploads\/2025\/07\/Redmi-Smart-Band-2-300x300.jpg",300,300,true],"woocommerce_single":["https:\/\/mtelturkey.com.tr\/wp-content\/uploads\/2025\/07\/Redmi-Smart-Band-2-600x600.jpg",600,600,true],"woocommerce_gallery_thumbnail":["https:\/\/mtelturkey.com.tr\/wp-content\/uploads\/2025\/07\/Redmi-Smart-Band-2-100x100.jpg",100,100,true]},"uagb_author_info":{"display_name":"Absolutewd","author_link":"https:\/\/mtelturkey.com.tr\/bs\/author\/"},"uagb_comment_info":0,"uagb_excerpt":"Redmi Smart Band\u202f2, 1.47\u2033 renkli TFT ekran, ultra ince 9.99\u202fmm g\u00f6vde ve yaln\u0131zca ~14.9\u202fg a\u011f\u0131rl\u0131\u011f\u0131yla \u015f\u0131k ve g\u00fcnl\u00fck kullan\u0131m i\u00e7in m\u00fckemmel bir fitness bilekli\u011fi olarak \u00f6ne \u00e7\u0131k\u0131yor. 5ATM su ge\u00e7irmezlik, 30\u2019dan fazla spor modu, SpO\u2082, kalp at\u0131\u015f\u0131 ve uyku takibi gibi sa\u011fl\u0131k izleme \u00f6zellikleriyle g\u00fc\u00e7l\u00fc bir performans sunar. 14 g\u00fcne kadar pil \u00f6mr\u00fc ve Mi&hellip;","_links":{"self":[{"href":"https:\/\/mtelturkey.com.tr\/bs\/wp-json\/wp\/v2\/product\/1435","targetHints":{"allow":["GET"]}}],"collection":[{"href":"https:\/\/mtelturkey.com.tr\/bs\/wp-json\/wp\/v2\/product"}],"about":[{"href":"https:\/\/mtelturkey.com.tr\/bs\/wp-json\/wp\/v2\/types\/product"}],"wp:featuredmedia":[{"embeddable":true,"href":"https:\/\/mtelturkey.com.tr\/bs\/wp-json\/wp\/v2\/media\/1436"}],"wp:attachment":[{"href":"https:\/\/mtelturkey.com.tr\/bs\/wp-json\/wp\/v2\/media?parent=1435"}],"wp:term":[{"taxonomy":"product_brand","embeddable":true,"href":"https:\/\/mtelturkey.com.tr\/bs\/wp-json\/wp\/v2\/product_brand?post=1435"},{"taxonomy":"product_cat","embeddable":true,"href":"https:\/\/mtelturkey.com.tr\/bs\/wp-json\/wp\/v2\/product_cat?post=1435"},{"taxonomy":"product_tag","embeddable":true,"href":"https:\/\/mtelturkey.com.tr\/bs\/wp-json\/wp\/v2\/product_tag?post=1435"}],"curies":[{"name":"wp","href":"https:\/\/api.w.org\/{rel}","templated":true}]}}