{"id":1466,"date":"2025-07-31T19:55:52","date_gmt":"2025-07-31T16:55:52","guid":{"rendered":"https:\/\/mtelturkey.com.tr\/?post_type=product&#038;p=1466"},"modified":"2025-07-31T19:58:15","modified_gmt":"2025-07-31T16:58:15","slug":"redmi-watch-5-active","status":"publish","type":"product","link":"https:\/\/mtelturkey.com.tr\/bs\/product\/redmi-watch-5-active\/","title":{"rendered":"Redmi Watch 5 Active"},"content":{"rendered":"<table>\n<thead>\n<tr>\n<th>\u00d6zellik<\/th>\n<th>Detaylar<\/th>\n<\/tr>\n<\/thead>\n<tbody>\n<tr>\n<td><strong>Model<\/strong><\/td>\n<td>Redmi Watch\u202f5\u202fActive<\/td>\n<\/tr>\n<tr>\n<td><strong>Ekran<\/strong><\/td>\n<td>2.0\u2033 LCD ekran, 320\u202f\u00d7\u202f385 px, ekran-g\u00f6vde oran\u0131 &gt;70%<\/td>\n<\/tr>\n<tr>\n<td><strong>Parlakl\u0131k<\/strong><\/td>\n<td>Maksimum ~500\u202fnits, ayarlanabilir<\/td>\n<\/tr>\n<tr>\n<td><strong>\u00c7er\u00e7eve &amp; Malz.<\/strong><\/td>\n<td>Mat y\u00fczeyli g\u00f6vde, TPU kay\u0131\u015f<\/td>\n<\/tr>\n<tr>\n<td><strong>Boyutlar &amp; A\u011f\u0131rl\u0131k<\/strong><\/td>\n<td>~49.1 \u00d7 40.4 \u00d7 11.4\u202fmm; ~42.2g (kay\u0131\u015fs\u0131z)<\/td>\n<\/tr>\n<tr>\n<td><strong>Suya Dayan\u0131kl\u0131l\u0131k<\/strong><\/td>\n<td>5\u202fATM \/ IPX8 \u2013 g\u00fcnl\u00fck su temas\u0131na dayan\u0131kl\u0131<\/td>\n<\/tr>\n<tr>\n<td><strong>Pil Kapasitesi &amp; S\u00fcresi<\/strong><\/td>\n<td>470\u202fmAh; Normal kullan\u0131mda ~18 g\u00fcn, yo\u011fun kullan\u0131mda ~12 g\u00fcn<\/td>\n<\/tr>\n<tr>\n<td><strong>Bluetooth &amp; \u00c7a\u011fr\u0131 \u00d6zelli\u011fi<\/strong><\/td>\n<td>Bluetooth 5.3; 3\u2011mikrofonlu ENC sistemiyle saatten arama yapma &amp; alma destekli<\/td>\n<\/tr>\n<tr>\n<td><strong>Spor Modlar\u0131<\/strong><\/td>\n<td>140+ egzersiz modu; baz\u0131 aktivitelerde otomatik alg\u0131lama destekli<\/td>\n<\/tr>\n<tr>\n<td><strong>Sa\u011fl\u0131k Takibi<\/strong><\/td>\n<td>24h kalp at\u0131\u015f\u0131, SpO\u2082, stres seviyesi, uyku &amp; canl\u0131l\u0131k \u00f6l\u00e7\u00fcm\u00fc<\/td>\n<\/tr>\n<tr>\n<td><strong>Yaz\u0131l\u0131m &amp; Uyumluluk<\/strong><\/td>\n<td>HyperOS; Android 6.0+ ve iOS 12.0+ uyumlulu\u011fu; Mi\u202fFitness uygulamas\u0131 (Strava &amp; Apple Health destekli)<\/td>\n<\/tr>\n<tr>\n<td><strong>Alexa Entegrasyonu<\/strong><\/td>\n<td>Saat \u00fczerinden sesli komut ve kontrol deste\u011fi<\/td>\n<\/tr>\n<tr>\n<td><strong>Di\u011fer \u00d6zellikler<\/strong><\/td>\n<td>200+ saat aray\u00fcz\u00fc se\u00e7ene\u011fi, fla\u015f, kamera tetikleyici, bul foto, alarm, kronometre, hava durumu vb.<\/td>\n<\/tr>\n<\/tbody>\n<\/table>\n","protected":false},"excerpt":{"rendered":"<p>Redmi Watch\u202f5\u202fActive, <strong data-start=\"22\" data-end=\"41\">2.0\u2033 LCD ekran\u0131<\/strong>, mat g\u00f6vde tasar\u0131m\u0131 ve <strong data-start=\"65\" data-end=\"118\">Bluetooth arama destekli \u00e7ift mikrofon sistemiyle<\/strong> (ENC) olduk\u00e7a \u015f\u0131k ve fonksiyonel bir ak\u0131ll\u0131 saattir. HyperOS i\u015fletim sistemi ile \u00e7al\u0131\u015f\u0131r, <strong data-start=\"209\" data-end=\"243\">y\u00fczde 5\u202fATM suya dayan\u0131kl\u0131l\u0131\u011f\u0131<\/strong>, <strong data-start=\"245\" data-end=\"263\">140+ spor modu<\/strong>, <strong data-start=\"265\" data-end=\"306\">24\/7 kalp at\u0131\u015f\u0131, SpO\u2082 ve stres \u00f6l\u00e7\u00fcm\u00fc<\/strong>, <strong data-start=\"308\" data-end=\"330\">ak\u0131ll\u0131 bildirimler<\/strong>, Alexa entegrasyonu ve <strong data-start=\"354\" data-end=\"382\">18 g\u00fcne kadar pil s\u00fcresi<\/strong> ile kullan\u0131m kolayl\u0131\u011f\u0131 sa\u011flar. Bluetooth 5.3 ile Android 6.0 ve iOS 12.0 ve \u00fczeri sistemlerle sorunsuz e\u015fle\u015fir.<\/p>\n","protected":false},"featured_media":1467,"template":"","meta":{"_uag_custom_page_level_css":"","site-sidebar-layout":"default","site-content-layout":"","ast-site-content-layout":"default","site-content-style":"default","site-sidebar-style":"default","ast-global-header-display":"","ast-banner-title-visibility":"","ast-main-header-display":"","ast-hfb-above-header-display":"","ast-hfb-below-header-display":"","ast-hfb-mobile-header-display":"","site-post-title":"","ast-breadcrumbs-content":"","ast-featured-img":"","footer-sml-layout":"","theme-transparent-header-meta":"default","adv-header-id-meta":"","stick-header-meta":"","header-above-stick-meta":"","header-main-stick-meta":"","header-below-stick-meta":"","astra-migrate-meta-layouts":"set","ast-page-background-enabled":"default","ast-page-background-meta":{"desktop":{"background-color":"var(--ast-global-color-5)","background-image":"","background-repeat":"repeat","background-position":"center center","background-size":"auto","background-attachment":"scroll","background-type":"","background-media":"","overlay-type":"","overlay-color":"","overlay-opacity":"","overlay-gradient":""},"tablet":{"background-color":"","background-image":"","background-repeat":"repeat","background-position":"center center","background-size":"auto","background-attachment":"scroll","background-type":"","background-media":"","overlay-type":"","overlay-color":"","overlay-opacity":"","overlay-gradient":""},"mobile":{"background-color":"","background-image":"","background-repeat":"repeat","background-position":"center center","background-size":"auto","background-attachment":"scroll","background-type":"","background-media":"","overlay-type":"","overlay-color":"","overlay-opacity":"","overlay-gradient":""}},"ast-content-background-meta":{"desktop":{"background-color":"var(--ast-global-color-4)","background-image":"","background-repeat":"repeat","background-position":"center center","background-size":"auto","background-attachment":"scroll","background-type":"","background-media":"","overlay-type":"","overlay-color":"","overlay-opacity":"","overlay-gradient":""},"tablet":{"background-color":"var(--ast-global-color-4)","background-image":"","background-repeat":"repeat","background-position":"center center","background-size":"auto","background-attachment":"scroll","background-type":"","background-media":"","overlay-type":"","overlay-color":"","overlay-opacity":"","overlay-gradient":""},"mobile":{"background-color":"var(--ast-global-color-4)","background-image":"","background-repeat":"repeat","background-position":"center center","background-size":"auto","background-attachment":"scroll","background-type":"","background-media":"","overlay-type":"","overlay-color":"","overlay-opacity":"","overlay-gradient":""}}},"product_brand":[],"product_cat":[46],"product_tag":[],"class_list":{"0":"post-1466","1":"product","2":"type-product","3":"status-publish","4":"has-post-thumbnail","6":"product_cat-aksesuarlar","7":"desktop-align-left","8":"tablet-align-left","9":"mobile-align-left","11":"first","12":"instock","13":"taxable","14":"shipping-taxable","15":"purchasable","16":"product-type-simple"},"uagb_featured_image_src":{"full":["https:\/\/mtelturkey.com.tr\/wp-content\/uploads\/2025\/07\/Redmi-Watch-5-Active.jpg",705,705,false],"thumbnail":["https:\/\/mtelturkey.com.tr\/wp-content\/uploads\/2025\/07\/Redmi-Watch-5-Active-150x150.jpg",150,150,true],"medium":["https:\/\/mtelturkey.com.tr\/wp-content\/uploads\/2025\/07\/Redmi-Watch-5-Active-300x300.jpg",300,300,true],"medium_large":["https:\/\/mtelturkey.com.tr\/wp-content\/uploads\/2025\/07\/Redmi-Watch-5-Active.jpg",705,705,false],"large":["https:\/\/mtelturkey.com.tr\/wp-content\/uploads\/2025\/07\/Redmi-Watch-5-Active.jpg",705,705,false],"1536x1536":["https:\/\/mtelturkey.com.tr\/wp-content\/uploads\/2025\/07\/Redmi-Watch-5-Active.jpg",705,705,false],"2048x2048":["https:\/\/mtelturkey.com.tr\/wp-content\/uploads\/2025\/07\/Redmi-Watch-5-Active.jpg",705,705,false],"woocommerce_thumbnail":["https:\/\/mtelturkey.com.tr\/wp-content\/uploads\/2025\/07\/Redmi-Watch-5-Active-300x300.jpg",300,300,true],"woocommerce_single":["https:\/\/mtelturkey.com.tr\/wp-content\/uploads\/2025\/07\/Redmi-Watch-5-Active-600x600.jpg",600,600,true],"woocommerce_gallery_thumbnail":["https:\/\/mtelturkey.com.tr\/wp-content\/uploads\/2025\/07\/Redmi-Watch-5-Active-100x100.jpg",100,100,true]},"uagb_author_info":{"display_name":"Absolutewd","author_link":"https:\/\/mtelturkey.com.tr\/bs\/author\/"},"uagb_comment_info":0,"uagb_excerpt":"Redmi Watch\u202f5\u202fActive, 2.0\u2033 LCD ekran\u0131, mat g\u00f6vde tasar\u0131m\u0131 ve Bluetooth arama destekli \u00e7ift mikrofon sistemiyle (ENC) olduk\u00e7a \u015f\u0131k ve fonksiyonel bir ak\u0131ll\u0131 saattir. HyperOS i\u015fletim sistemi ile \u00e7al\u0131\u015f\u0131r, y\u00fczde 5\u202fATM suya dayan\u0131kl\u0131l\u0131\u011f\u0131, 140+ spor modu, 24\/7 kalp at\u0131\u015f\u0131, SpO\u2082 ve stres \u00f6l\u00e7\u00fcm\u00fc, ak\u0131ll\u0131 bildirimler, Alexa entegrasyonu ve 18 g\u00fcne kadar pil s\u00fcresi ile kullan\u0131m kolayl\u0131\u011f\u0131&hellip;","_links":{"self":[{"href":"https:\/\/mtelturkey.com.tr\/bs\/wp-json\/wp\/v2\/product\/1466","targetHints":{"allow":["GET"]}}],"collection":[{"href":"https:\/\/mtelturkey.com.tr\/bs\/wp-json\/wp\/v2\/product"}],"about":[{"href":"https:\/\/mtelturkey.com.tr\/bs\/wp-json\/wp\/v2\/types\/product"}],"wp:featuredmedia":[{"embeddable":true,"href":"https:\/\/mtelturkey.com.tr\/bs\/wp-json\/wp\/v2\/media\/1467"}],"wp:attachment":[{"href":"https:\/\/mtelturkey.com.tr\/bs\/wp-json\/wp\/v2\/media?parent=1466"}],"wp:term":[{"taxonomy":"product_brand","embeddable":true,"href":"https:\/\/mtelturkey.com.tr\/bs\/wp-json\/wp\/v2\/product_brand?post=1466"},{"taxonomy":"product_cat","embeddable":true,"href":"https:\/\/mtelturkey.com.tr\/bs\/wp-json\/wp\/v2\/product_cat?post=1466"},{"taxonomy":"product_tag","embeddable":true,"href":"https:\/\/mtelturkey.com.tr\/bs\/wp-json\/wp\/v2\/product_tag?post=1466"}],"curies":[{"name":"wp","href":"https:\/\/api.w.org\/{rel}","templated":true}]}}