{"id":1581,"date":"2025-08-11T22:18:00","date_gmt":"2025-08-11T19:18:00","guid":{"rendered":"https:\/\/mtelturkey.com.tr\/?post_type=product&#038;p=1581"},"modified":"2025-08-11T22:19:25","modified_gmt":"2025-08-11T19:19:25","slug":"samsung-galaxy-watch-7","status":"publish","type":"product","link":"https:\/\/mtelturkey.com.tr\/bs\/product\/samsung-galaxy-watch-7\/","title":{"rendered":"Samsung Galaxy Watch 7"},"content":{"rendered":"<p data-start=\"39\" data-end=\"91\"><strong data-start=\"39\" data-end=\"57\">Sapphire ekran<\/strong> \u2013 Izuzetno otporan na ogrebotine.<\/p>\n<p data-start=\"93\" data-end=\"178\"><strong data-start=\"93\" data-end=\"112\">Moderni hardver<\/strong> \u2013 Glatke performanse zahvaljuju\u0107i Exynos W1000 \u010dipu i 2 GB RAM-a.<\/p>\n<p data-start=\"180\" data-end=\"297\"><strong data-start=\"180\" data-end=\"210\">Napredno pra\u0107enje zdravlja<\/strong> \u2013 Ugra\u0111eni senzori za EKG, nivo kiseonika u krvi (SpO\u2082) i analizu telesne kompozicije.<\/p>\n<p data-start=\"299\" data-end=\"409\"><strong data-start=\"299\" data-end=\"320\">\u0160iroka povezivost<\/strong> \u2013 NFC, LTE i GPS podr\u0161ka omogu\u0107avaju kori\u0161\u0107enje za aktivnosti i finansijske transakcije.<\/p>\n<p data-start=\"411\" data-end=\"520\"><strong data-start=\"411\" data-end=\"440\">Dug vek trajanja baterije<\/strong> \u2013 Model od 40\u202fmm traje oko 24 sata, dok 44\u202fmm verzija mo\u017ee izdr\u017eati do 48 sati.<\/p>\n<p data-start=\"522\" data-end=\"660\" data-is-last-node=\"\" data-is-only-node=\"\"><strong data-start=\"522\" data-end=\"546\">Pametni AI interfejs<\/strong> \u2013 Pra\u0107enje potro\u0161nje energije, pomo\u0107 pri spavanju i glasovne zdravstvene preporuke za bogato korisni\u010dko iskustvo.<\/p>\n","protected":false},"excerpt":{"rendered":"<p><strong data-start=\"34\" data-end=\"60\">Samsung Galaxy Watch 7<\/strong> je moderan pametni sat sa podr\u0161kom za ve\u0161ta\u010dku inteligenciju, lansiran u julu 2024. godine. Sa Exynos W1000 \u010dipom izra\u0111enim u 3\u202fnm tehnologiji i interfejsom Wear OS 5 (One UI Watch 6), pru\u017ea izuzetno visoke performanse. Sapphire kristal ekran, IP68 i 5ATM vodootpornost, BioActive set senzora (puls, nivo kiseonika u krvi, EKG, telesna kompozicija i drugo), kao i napredne funkcije za zdravlje i komunikaciju, obezbe\u0111uju kompletno korisni\u010dko iskustvo.<\/p>\n","protected":false},"featured_media":1483,"template":"","meta":{"_uag_custom_page_level_css":"","site-sidebar-layout":"default","site-content-layout":"","ast-site-content-layout":"default","site-content-style":"default","site-sidebar-style":"default","ast-global-header-display":"","ast-banner-title-visibility":"","ast-main-header-display":"","ast-hfb-above-header-display":"","ast-hfb-below-header-display":"","ast-hfb-mobile-header-display":"","site-post-title":"","ast-breadcrumbs-content":"","ast-featured-img":"","footer-sml-layout":"","theme-transparent-header-meta":"default","adv-header-id-meta":"","stick-header-meta":"","header-above-stick-meta":"","header-main-stick-meta":"","header-below-stick-meta":"","astra-migrate-meta-layouts":"set","ast-page-background-enabled":"default","ast-page-background-meta":{"desktop":{"background-color":"var(--ast-global-color-5)","background-image":"","background-repeat":"repeat","background-position":"center center","background-size":"auto","background-attachment":"scroll","background-type":"","background-media":"","overlay-type":"","overlay-color":"","overlay-opacity":"","overlay-gradient":""},"tablet":{"background-color":"","background-image":"","background-repeat":"repeat","background-position":"center center","background-size":"auto","background-attachment":"scroll","background-type":"","background-media":"","overlay-type":"","overlay-color":"","overlay-opacity":"","overlay-gradient":""},"mobile":{"background-color":"","background-image":"","background-repeat":"repeat","background-position":"center center","background-size":"auto","background-attachment":"scroll","background-type":"","background-media":"","overlay-type":"","overlay-color":"","overlay-opacity":"","overlay-gradient":""}},"ast-content-background-meta":{"desktop":{"background-color":"var(--ast-global-color-4)","background-image":"","background-repeat":"repeat","background-position":"center center","background-size":"auto","background-attachment":"scroll","background-type":"","background-media":"","overlay-type":"","overlay-color":"","overlay-opacity":"","overlay-gradient":""},"tablet":{"background-color":"var(--ast-global-color-4)","background-image":"","background-repeat":"repeat","background-position":"center center","background-size":"auto","background-attachment":"scroll","background-type":"","background-media":"","overlay-type":"","overlay-color":"","overlay-opacity":"","overlay-gradient":""},"mobile":{"background-color":"var(--ast-global-color-4)","background-image":"","background-repeat":"repeat","background-position":"center center","background-size":"auto","background-attachment":"scroll","background-type":"","background-media":"","overlay-type":"","overlay-color":"","overlay-opacity":"","overlay-gradient":""}}},"product_brand":[],"product_cat":[40],"product_tag":[],"class_list":{"0":"post-1581","1":"product","2":"type-product","3":"status-publish","4":"has-post-thumbnail","6":"product_cat-uncategorized-bs","7":"desktop-align-left","8":"tablet-align-left","9":"mobile-align-left","11":"first","12":"instock","13":"taxable","14":"shipping-taxable","15":"purchasable","16":"product-type-simple"},"uagb_featured_image_src":{"full":["https:\/\/mtelturkey.com.tr\/wp-content\/uploads\/2025\/07\/Samsung-Galaxy-Watch-7-beli.jpeg",1000,1000,false],"thumbnail":["https:\/\/mtelturkey.com.tr\/wp-content\/uploads\/2025\/07\/Samsung-Galaxy-Watch-7-beli-150x150.jpeg",150,150,true],"medium":["https:\/\/mtelturkey.com.tr\/wp-content\/uploads\/2025\/07\/Samsung-Galaxy-Watch-7-beli-300x300.jpeg",300,300,true],"medium_large":["https:\/\/mtelturkey.com.tr\/wp-content\/uploads\/2025\/07\/Samsung-Galaxy-Watch-7-beli-768x768.jpeg",768,768,true],"large":["https:\/\/mtelturkey.com.tr\/wp-content\/uploads\/2025\/07\/Samsung-Galaxy-Watch-7-beli.jpeg",1000,1000,false],"1536x1536":["https:\/\/mtelturkey.com.tr\/wp-content\/uploads\/2025\/07\/Samsung-Galaxy-Watch-7-beli.jpeg",1000,1000,false],"2048x2048":["https:\/\/mtelturkey.com.tr\/wp-content\/uploads\/2025\/07\/Samsung-Galaxy-Watch-7-beli.jpeg",1000,1000,false],"woocommerce_thumbnail":["https:\/\/mtelturkey.com.tr\/wp-content\/uploads\/2025\/07\/Samsung-Galaxy-Watch-7-beli-300x300.jpeg",300,300,true],"woocommerce_single":["https:\/\/mtelturkey.com.tr\/wp-content\/uploads\/2025\/07\/Samsung-Galaxy-Watch-7-beli-600x600.jpeg",600,600,true],"woocommerce_gallery_thumbnail":["https:\/\/mtelturkey.com.tr\/wp-content\/uploads\/2025\/07\/Samsung-Galaxy-Watch-7-beli-100x100.jpeg",100,100,true]},"uagb_author_info":{"display_name":"Absolutewd","author_link":"https:\/\/mtelturkey.com.tr\/bs\/author\/"},"uagb_comment_info":0,"uagb_excerpt":"Samsung Galaxy Watch 7 je moderan pametni sat sa podr\u0161kom za ve\u0161ta\u010dku inteligenciju, lansiran u julu 2024. godine. Sa Exynos W1000 \u010dipom izra\u0111enim u 3\u202fnm tehnologiji i interfejsom Wear OS 5 (One UI Watch 6), pru\u017ea izuzetno visoke performanse. Sapphire kristal ekran, IP68 i 5ATM vodootpornost, BioActive set senzora (puls, nivo kiseonika u krvi, EKG,&hellip;","_links":{"self":[{"href":"https:\/\/mtelturkey.com.tr\/bs\/wp-json\/wp\/v2\/product\/1581","targetHints":{"allow":["GET"]}}],"collection":[{"href":"https:\/\/mtelturkey.com.tr\/bs\/wp-json\/wp\/v2\/product"}],"about":[{"href":"https:\/\/mtelturkey.com.tr\/bs\/wp-json\/wp\/v2\/types\/product"}],"wp:featuredmedia":[{"embeddable":true,"href":"https:\/\/mtelturkey.com.tr\/bs\/wp-json\/wp\/v2\/media\/1483"}],"wp:attachment":[{"href":"https:\/\/mtelturkey.com.tr\/bs\/wp-json\/wp\/v2\/media?parent=1581"}],"wp:term":[{"taxonomy":"product_brand","embeddable":true,"href":"https:\/\/mtelturkey.com.tr\/bs\/wp-json\/wp\/v2\/product_brand?post=1581"},{"taxonomy":"product_cat","embeddable":true,"href":"https:\/\/mtelturkey.com.tr\/bs\/wp-json\/wp\/v2\/product_cat?post=1581"},{"taxonomy":"product_tag","embeddable":true,"href":"https:\/\/mtelturkey.com.tr\/bs\/wp-json\/wp\/v2\/product_tag?post=1581"}],"curies":[{"name":"wp","href":"https:\/\/api.w.org\/{rel}","templated":true}]}}