{"id":203,"date":"2025-05-28T14:03:04","date_gmt":"2025-05-28T12:03:04","guid":{"rendered":"http:\/\/195.142.226.170\/?post_type=product&#038;p=203"},"modified":"2026-02-11T14:55:40","modified_gmt":"2026-02-11T11:55:40","slug":"move-premium-55","status":"publish","type":"product","link":"https:\/\/mtelturkey.com.tr\/bs\/product\/move-premium-55\/","title":{"rendered":"MOVE PREMIUM 55"},"content":{"rendered":"","protected":false},"excerpt":{"rendered":"<p>Next YE-55GFSG574K<br \/>\n55\u201d 140 Screen UHD 4K Google Android TV<br \/>\n<em><strong><a href=\"https:\/\/mtelturkey.com.tr\/wp-content\/uploads\/2025\/05\/Next-TV-Broshure-MTEL-MOVE-PREMIUM.pdf\">teknik \u00f6zellikler<\/a><\/strong><\/em><\/p>\n<ul>\n<li>200+ TV kanal<\/li>\n<li>40+ Radio kanal<\/li>\n<li>7 g\u00fcn Geri Al-\u0130zle<\/li>\n<li>Video kul\u00fcb\u00fc<\/li>\n<li style=\"list-style-type: none;\"><\/li>\n<\/ul>\n<ul>\n<li>1 Ak\u0131ll\u0131 TV<\/li>\n<li>2 Mobil Uygulama<\/li>\n<li>3 cihazda ayn\u0131 anda izle<\/li>\n<\/ul>\n","protected":false},"featured_media":87,"template":"","meta":{"_uag_custom_page_level_css":"","site-sidebar-layout":"default","site-content-layout":"","ast-site-content-layout":"default","site-content-style":"default","site-sidebar-style":"default","ast-global-header-display":"","ast-banner-title-visibility":"","ast-main-header-display":"","ast-hfb-above-header-display":"","ast-hfb-below-header-display":"","ast-hfb-mobile-header-display":"","site-post-title":"","ast-breadcrumbs-content":"","ast-featured-img":"","footer-sml-layout":"","theme-transparent-header-meta":"default","adv-header-id-meta":"","stick-header-meta":"","header-above-stick-meta":"","header-main-stick-meta":"","header-below-stick-meta":"","astra-migrate-meta-layouts":"set","ast-page-background-enabled":"default","ast-page-background-meta":{"desktop":{"background-color":"var(--ast-global-color-5)","background-image":"","background-repeat":"repeat","background-position":"center center","background-size":"auto","background-attachment":"scroll","background-type":"","background-media":"","overlay-type":"","overlay-color":"","overlay-opacity":"","overlay-gradient":""},"tablet":{"background-color":"","background-image":"","background-repeat":"repeat","background-position":"center center","background-size":"auto","background-attachment":"scroll","background-type":"","background-media":"","overlay-type":"","overlay-color":"","overlay-opacity":"","overlay-gradient":""},"mobile":{"background-color":"","background-image":"","background-repeat":"repeat","background-position":"center center","background-size":"auto","background-attachment":"scroll","background-type":"","background-media":"","overlay-type":"","overlay-color":"","overlay-opacity":"","overlay-gradient":""}},"ast-content-background-meta":{"desktop":{"background-color":"var(--ast-global-color-4)","background-image":"","background-repeat":"repeat","background-position":"center center","background-size":"auto","background-attachment":"scroll","background-type":"","background-media":"","overlay-type":"","overlay-color":"","overlay-opacity":"","overlay-gradient":""},"tablet":{"background-color":"var(--ast-global-color-4)","background-image":"","background-repeat":"repeat","background-position":"center center","background-size":"auto","background-attachment":"scroll","background-type":"","background-media":"","overlay-type":"","overlay-color":"","overlay-opacity":"","overlay-gradient":""},"mobile":{"background-color":"var(--ast-global-color-4)","background-image":"","background-repeat":"repeat","background-position":"center center","background-size":"auto","background-attachment":"scroll","background-type":"","background-media":"","overlay-type":"","overlay-color":"","overlay-opacity":"","overlay-gradient":""}}},"product_brand":[],"product_cat":[28],"product_tag":[],"class_list":{"0":"post-203","1":"product","2":"type-product","3":"status-publish","4":"has-post-thumbnail","6":"product_cat-postpaid","7":"desktop-align-left","8":"tablet-align-left","9":"mobile-align-left","11":"first","12":"instock","13":"sold-individually","14":"taxable","15":"shipping-taxable","16":"purchasable","17":"product-type-variable-subscription"},"uagb_featured_image_src":{"full":["https:\/\/mtelturkey.com.tr\/wp-content\/uploads\/2025\/05\/move-paket.jpg",1000,804,false],"thumbnail":["https:\/\/mtelturkey.com.tr\/wp-content\/uploads\/2025\/05\/move-paket.jpg",150,121,false],"medium":["https:\/\/mtelturkey.com.tr\/wp-content\/uploads\/2025\/05\/move-paket.jpg",300,241,false],"medium_large":["https:\/\/mtelturkey.com.tr\/wp-content\/uploads\/2025\/05\/move-paket.jpg",768,617,false],"large":["https:\/\/mtelturkey.com.tr\/wp-content\/uploads\/2025\/05\/move-paket.jpg",1000,804,false],"1536x1536":["https:\/\/mtelturkey.com.tr\/wp-content\/uploads\/2025\/05\/move-paket.jpg",1000,804,false],"2048x2048":["https:\/\/mtelturkey.com.tr\/wp-content\/uploads\/2025\/05\/move-paket.jpg",1000,804,false],"woocommerce_thumbnail":["https:\/\/mtelturkey.com.tr\/wp-content\/uploads\/2025\/05\/move-paket-300x300.jpg",300,300,true],"woocommerce_single":["https:\/\/mtelturkey.com.tr\/wp-content\/uploads\/2025\/05\/move-paket.jpg",600,482,false],"woocommerce_gallery_thumbnail":["https:\/\/mtelturkey.com.tr\/wp-content\/uploads\/2025\/05\/move-paket-100x100.jpg",100,100,true]},"uagb_author_info":{"display_name":"Absolutewd","author_link":"https:\/\/mtelturkey.com.tr\/bs\/author\/"},"uagb_comment_info":0,"uagb_excerpt":"Next YE-55GFSG574K 55\u201d 140 Screen UHD 4K Google Android TV teknik \u00f6zellikler 200+ TV kanal 40+ Radio kanal 7 g\u00fcn Geri Al-\u0130zle Video kul\u00fcb\u00fc 1 Ak\u0131ll\u0131 TV 2 Mobil Uygulama 3 cihazda ayn\u0131 anda izle","_links":{"self":[{"href":"https:\/\/mtelturkey.com.tr\/bs\/wp-json\/wp\/v2\/product\/203","targetHints":{"allow":["GET"]}}],"collection":[{"href":"https:\/\/mtelturkey.com.tr\/bs\/wp-json\/wp\/v2\/product"}],"about":[{"href":"https:\/\/mtelturkey.com.tr\/bs\/wp-json\/wp\/v2\/types\/product"}],"wp:featuredmedia":[{"embeddable":true,"href":"https:\/\/mtelturkey.com.tr\/bs\/wp-json\/wp\/v2\/media\/87"}],"wp:attachment":[{"href":"https:\/\/mtelturkey.com.tr\/bs\/wp-json\/wp\/v2\/media?parent=203"}],"wp:term":[{"taxonomy":"product_brand","embeddable":true,"href":"https:\/\/mtelturkey.com.tr\/bs\/wp-json\/wp\/v2\/product_brand?post=203"},{"taxonomy":"product_cat","embeddable":true,"href":"https:\/\/mtelturkey.com.tr\/bs\/wp-json\/wp\/v2\/product_cat?post=203"},{"taxonomy":"product_tag","embeddable":true,"href":"https:\/\/mtelturkey.com.tr\/bs\/wp-json\/wp\/v2\/product_tag?post=203"}],"curies":[{"name":"wp","href":"https:\/\/api.w.org\/{rel}","templated":true}]}}